{"id":9877,"date":"2019-05-15T11:18:50","date_gmt":"2019-05-15T09:18:50","guid":{"rendered":"https:\/\/leben-fuehren.de\/?page_id=9877"},"modified":"2020-04-08T07:15:37","modified_gmt":"2020-04-08T05:15:37","slug":"leadershipstars","status":"publish","type":"page","link":"https:\/\/leben-fuehren.de\/r3\/lp\/leadershipstars\/","title":{"rendered":"LeadershipStars &#8211; Selector V.20-02"},"content":{"rendered":"<section class=\"fw-main-row-custom fw-main-row-top fw-section-no-padding  fw_theme_bg_fw-custom fw-section-image auto fw-content-vertical-align-middle fw-section-position-back tf-sh-249b4333a7bd3063d157b0d511b4806a\" style=\"background-image:url(https:\/\/leben-fuehren.de\/wp-content\/uploads\/Header.jpg);background-position: center top;background-size: cover\">\n<div class=\"fw-main-row-overlay\" style=\"background-color: #141414\"><\/div>\n<div class=\"fw-container\">\n<div class=\"fw-row\">\n<div id=\"column-5e8d5df93b560\" class=\"fw-col-sm-12 tf-sh-f357c3ede75852a303c791d455bb9aad\">\n<div class=\"fw-wrap-col-inner clearfix  \">\n<div class=\"fw-col-inner\">\n<div class=\"fw-divider-space space-lg  clearfix\"><\/div>\n<div class=\"fw-text-box tf-sh-637e27f84e7004e5ab4bb920ab418916 \">\n<div class=\"fw-text-inner\">\n<h1 style=\"text-align: center\">Wege zum LeadershipStar<\/h1>\n<\/p><\/div>\n<\/div>\n<div class=\"fw-divider-space space-lg  clearfix\"><\/div>\n<\/p><\/div>\n<\/p><\/div>\n<\/div>\n<\/div>\n<div class=\"fw-row\">\n<div id=\"column-5e8d5df940085\" class=\"fw-col-sm-6 tf-sh-62b6d407b7a688040f278b8d488a99e3\">\n<div class=\"fw-wrap-col-inner clearfix  \">\n<div class=\"fw-col-inner\">\n<div class=\"fw-text-box tf-sh-dbfb2660aca2738fc9d16c460acd8c0f \">\n<div class=\"fw-text-inner\">\n<h2 style=\"text-align: center\"><span style=\"color: #009055;font-size: 70%\"><b>NEU<\/b><\/span>LeadershipStar in sechs Wochen!<\/h2>\n<p style=\"text-align: center\">Das Programm komprimiert auf zwei Trainings- und vier Praxiswochen.<\/p>\n<\/p><\/div>\n<\/div><\/div>\n<\/p><\/div>\n<\/div>\n<div id=\"column-5e8d5df94058a\" class=\"fw-col-sm-6 tf-sh-25063f6bcab4f65f0f75c70a4c592f3b  fw-col-no-padding\">\n<div class=\"fw-wrap-col-inner clearfix  \">\n<div class=\"fw-col-inner\">\n<div class=\"fw-heading fw-heading-center  fw-heading-with-subtitle tf-sh-6675986404140d04a122e15df8dd81ce\">\n<h2 class=\"fw-special-title\">BootCamp <\/h2>\n<div class=\"fw-special-subtitle\">F\u00fcr erfahrene IT-F\u00fchrungskr\u00e4fte<\/div>\n<\/p><\/div>\n<div class=\"text-center\">\t<a href=\"https:\/\/leben-fuehren.de\/lp\/leadershipstars\/bootcamp\/\" target=\"_self\" class=\"fw-btn tf-sh-cfbf7a2722ac58a932dd4cabaed765ff  fw-btn-lg  fw-btn-1\" rel=\"noopener noreferrer\"><br \/>\n\t\t<span><br \/>\n\t\t\tWEITER<i class=\"pull-right-icon fa fa-angle-right\" style=\"font-size:16px\"><\/i>\t\t<\/span><br \/>\n\t<\/a>\n<\/div>\n<\/p><\/div>\n<\/p><\/div>\n<\/div>\n<\/div>\n<div class=\"fw-row\">\n<div id=\"column-5e8d5df94107a\" class=\"fw-col-sm-12 tf-sh-b061ba21807fc23e344a6f5fae6d8562\">\n<div class=\"fw-wrap-col-inner clearfix  \">\n<div class=\"fw-col-inner\">\n<div class=\"fw-divider-space space-lg  clearfix\"><\/div>\n<div class=\"fw-text-box tf-sh-5e90990ade37924221e6c95c97b8dccf \">\n<div class=\"fw-text-inner\">\n<h2 style=\"text-align: center\">Das klassische Jahresprogramm, mittlerweile im vierten Durchlauf.<br \/>\n\t<\/h2>\n<\/div>\n<\/div>\n<div class=\"fw-divider-space space-md  clearfix\"><\/div>\n<\/p><\/div>\n<\/p><\/div>\n<\/div>\n<\/div>\n<div class=\"fw-row\">\n<div id=\"column-5e8d5df941e91\" class=\"fw-col-sm-6 tf-sh-4fedf39743a79df9092bcc0b84a6c82d  fw-col-no-padding\">\n<div class=\"fw-wrap-col-inner clearfix  \">\n<div class=\"fw-col-inner\">\n<div class=\"fw-heading fw-heading-center  fw-heading-with-subtitle tf-sh-90e8a0e79379551472c0eeee38be3357\">\n<h2 class=\"fw-special-title\">Annual Program<\/h2>\n<div class=\"fw-special-subtitle\">F\u00fcr <b>erfahrene<\/b> IT-F\u00fchrungskr\u00e4fte<\/div>\n<\/p><\/div>\n<div class=\"text-center\">\t<a href=\"https:\/\/leben-fuehren.de\/lp\/leadershipstars\/its\/\" target=\"_self\" class=\"fw-btn tf-sh-bb197775c613c535d5345908a9bd8aad  fw-btn-lg  fw-btn-1\" rel=\"noopener noreferrer\"><br \/>\n\t\t<span><br \/>\n\t\t\tWEITER<i class=\"pull-right-icon fa fa-angle-right\" style=\"font-size:16px\"><\/i>\t\t<\/span><br \/>\n\t<\/a>\n<\/div>\n<\/p><\/div>\n<\/p><\/div>\n<\/div>\n<div id=\"column-5e8d5df94588a\" class=\"fw-col-sm-6 tf-sh-44d829a7eaf1374b1c4a538fff9ddc8a  fw-col-no-padding\">\n<div class=\"fw-wrap-col-inner clearfix  \">\n<div class=\"fw-col-inner\">\n<div class=\"fw-heading fw-heading-center  fw-heading-with-subtitle tf-sh-d77e852046d68a8cbd13d590c9d57039\">\n<h2 class=\"fw-special-title\">Annual Program<\/h2>\n<div class=\"fw-special-subtitle\">F\u00fcr <b>neue<\/b> F\u00fchrungskr\u00e4fte<\/div>\n<\/p><\/div>\n<div class=\"text-center\">\t<a href=\"https:\/\/leben-fuehren.de\/lp\/leadershipstars\/ys\/\" target=\"_self\" class=\"fw-btn tf-sh-756be4914161871849320a734206a89f  fw-btn-lg  fw-btn-1\" rel=\"noopener noreferrer\"><br \/>\n\t\t<span><br \/>\n\t\t\tWEITER<i class=\"pull-right-icon fa fa-angle-right\" style=\"font-size:16px\"><\/i>\t\t<\/span><br \/>\n\t<\/a>\n<\/div>\n<\/p><\/div>\n<\/p><\/div>\n<\/div>\n<\/div>\n<div class=\"fw-row\">\n<div id=\"column-5e8d5df94676a\" class=\"fw-col-sm-12 tf-sh-6bc1d4fdee351acaa6347b553dc6e341\">\n<div class=\"fw-wrap-col-inner clearfix  \">\n<div class=\"fw-col-inner\">\n<div class=\"fw-divider-space  fw-custom-space  clearfix\" style=\"height:300px\"><\/div>\n<\/p><\/div>\n<\/p><\/div>\n<\/div>\n<\/div><\/div>\n<\/section>\n<section class=\"fw-main-row-custom fw-section-no-padding  auto  fw-section-position-back tf-sh-21c4b0358a9a5af581baac2a715f96dd\" style=\"background-color:#141414\">\n<div class=\"fw-container-fluid\">\n<div class=\"fw-row\">\n<div id=\"column-5e8d5df947630\" class=\"fw-col-sm-12 tf-sh-c94cf3c246de71a2eb0dc7cbf8fedc2e\">\n<div class=\"fw-wrap-col-inner clearfix  \">\n<div class=\"fw-col-inner\">\n<div class=\"fw-text-box tf-sh-de1d6fa2bc51f89f931428c49117372e \">\n<div class=\"fw-text-inner\">\n<p style=\"text-align: center\"><a href=\"https:\/\/leben-fuehren.de\/lp\/leadershipstars\/agb\/\"><span style=\"color: #7f7f7f\">Allgemeine Gesch\u00e4ftsbedingungen<\/span><\/a> | <a href=\"https:\/\/leben-fuehren.de\/impressum\/\"><span style=\"color: #7f7f7f\">Impressum<\/span><\/a> | <a href=\"https:\/\/leben-fuehren.de\/datenschutzerklaerung\/\"><span style=\"color: #7f7f7f\">Datenschutzerkl\u00e4rung<\/span><\/a><\/p>\n<\/p><\/div>\n<\/div><\/div>\n<\/p><\/div>\n<\/div>\n<\/div><\/div>\n<\/section>\n<p><!-- 746b21d9146abca7fc969434fc097de5 --><\/p>\n","protected":false},"excerpt":{"rendered":"<p>&#8220;Es war einmal ein neuer K\u00f6nig in einem magischen Land am Ende der Zeit. Er sah sich einer gigantischen Herausforderung konfrontiert: Sein Land war verw\u00fcstet.&#8221; Heute kommt ein M\u00e4rchen.<\/p>\n","protected":false},"author":2,"featured_media":0,"parent":5783,"menu_order":0,"comment_status":"closed","ping_status":"closed","template":"blank-template.php","meta":{"footnotes":""},"class_list":["post-9877","page","type-page","status-publish","hentry"],"_links":{"self":[{"href":"https:\/\/leben-fuehren.de\/r3\/wp-json\/wp\/v2\/pages\/9877","targetHints":{"allow":["GET"]}}],"collection":[{"href":"https:\/\/leben-fuehren.de\/r3\/wp-json\/wp\/v2\/pages"}],"about":[{"href":"https:\/\/leben-fuehren.de\/r3\/wp-json\/wp\/v2\/types\/page"}],"author":[{"embeddable":true,"href":"https:\/\/leben-fuehren.de\/r3\/wp-json\/wp\/v2\/users\/2"}],"replies":[{"embeddable":true,"href":"https:\/\/leben-fuehren.de\/r3\/wp-json\/wp\/v2\/comments?post=9877"}],"version-history":[{"count":0,"href":"https:\/\/leben-fuehren.de\/r3\/wp-json\/wp\/v2\/pages\/9877\/revisions"}],"up":[{"embeddable":true,"href":"https:\/\/leben-fuehren.de\/r3\/wp-json\/wp\/v2\/pages\/5783"}],"wp:attachment":[{"href":"https:\/\/leben-fuehren.de\/r3\/wp-json\/wp\/v2\/media?parent=9877"}],"curies":[{"name":"wp","href":"https:\/\/api.w.org\/{rel}","templated":true}]}}