{"id":9843,"date":"2019-05-01T19:48:43","date_gmt":"2019-05-01T17:48:43","guid":{"rendered":"https:\/\/leben-fuehren.de\/?page_id=9843"},"modified":"2019-05-01T20:27:18","modified_gmt":"2019-05-01T18:27:18","slug":"mehrwert","status":"publish","type":"page","link":"https:\/\/leben-fuehren.de\/r3\/mehrwert\/","title":{"rendered":"Mehrwert"},"content":{"rendered":"<section class=\"fw-main-row-custom fw-main-row-top  auto  fw-section-position-back tf-sh-3295ebbd53a464146f88443bde664fbf\">\n<div class=\"fw-container\">\n\t\t\t<\/div>\n<\/section>\n<section class=\"fw-main-row-custom  auto  fw-section-position-back tf-sh-62c433633811a51249412a41f2816d76\">\n<div class=\"fw-container\" style=\"background-color:#111111\">\n<div class=\"fw-row\">\n<div id=\"column-5cc9e506056ab\" class=\"fw-col-sm-6 tf-sh-153a8898e1254f31d22cb363ad3323b8\">\n<div class=\"fw-wrap-col-inner clearfix  \">\n<div class=\"fw-col-inner\">\n<div class=\"fw-iconbox clearfix tf-sh-21f0940d7b1a52e6a852d96495e11010 fw-iconbox-4 fw-icon-top   bg-none \">\n<div class=\"fw-iconbox-image \">\n\t\t\t\t\t<i class=\"fa fa-user fw_theme_text_color_4\"><\/i>\n\t\t\t<\/div>\n<div class=\"fw-iconbox-aside\">\n<div class=\"fw-iconbox-title\">\n<h4>werdende F\u00fchrungskr\u00e4fte<\/h4>\n<\/p><\/div>\n<div class=\"fw-iconbox-text\">\n<p>Sie arbeiten daran, bef\u00f6rdert zu werden? Sie wollen Leistung zeigen?<\/p>\n<\/p><\/div>\n<div class=\"text-center\">\t\t\t<a href=\"#prospect\" target=\"_self\" class=\"fw-btn  fw-btn-md fw-btn-2 anchor\" rel=\"noopener noreferrer\"><br \/>\n\t\t\t\t<span><br \/>\n\t\t\t\t\t\t\t\t\t\t\tAngebote\t\t\t\t\t\t\t\t\t<\/span><br \/>\n\t\t\t<\/a>\n\t\t\t<\/div>\n<\/p><\/div>\n<\/div><\/div>\n<\/p><\/div>\n<\/div>\n<div id=\"column-5cc9e5060634f\" class=\"fw-col-sm-6 tf-sh-0d2b0f701c4b1b26306519377a18468a\">\n<div class=\"fw-wrap-col-inner clearfix  \">\n<div class=\"fw-col-inner\">\n<div class=\"fw-iconbox clearfix tf-sh-a3c16af9a4eafbe97b23ff3b3807991a fw-iconbox-4 fw-icon-top   bg-none \">\n<div class=\"fw-iconbox-image \">\n\t\t\t\t\t<i class=\"fa fa-user-md\" style=\"color:#7f7f7f\"><\/i>\n\t\t\t<\/div>\n<div class=\"fw-iconbox-aside\">\n<div class=\"fw-iconbox-title\">\n<h4>alle F\u00fchrungskr\u00e4fte<\/h4>\n<\/p><\/div>\n<div class=\"fw-iconbox-text\">\n<p>Sie sind im letzten Jahr bef\u00f6rdert worden? Ihr Aufstieg steht kurz bevor?<\/p>\n<\/p><\/div>\n<div class=\"text-center\">\t\t\t<a href=\"#junior\" target=\"_self\" class=\"fw-btn  fw-btn-md fw-btn-2 anchor\" rel=\"noopener noreferrer\"><br \/>\n\t\t\t\t<span><br \/>\n\t\t\t\t\t\t\t\t\t\t\tAngebote\t\t\t\t\t\t\t\t\t<\/span><br \/>\n\t\t\t<\/a>\n\t\t\t<\/div>\n<\/p><\/div>\n<\/div><\/div>\n<\/p><\/div>\n<\/div>\n<\/div>\n<div class=\"fw-row\">\n<div id=\"column-5cc9e50607322\" class=\"fw-col-sm-6 tf-sh-d7cb8406237f7399294a82b170fd5ec7\">\n<div class=\"fw-wrap-col-inner clearfix  \">\n<div class=\"fw-col-inner\">\n<div class=\"fw-iconbox clearfix tf-sh-c1171abe9f53ccd09a7ddb3ff0b2366c fw-iconbox-4 fw-icon-top   bg-none \">\n<div class=\"fw-iconbox-image \">\n\t\t\t\t\t<i class=\"fa fa-users fw_theme_text_color_5\"><\/i>\n\t\t\t<\/div>\n<div class=\"fw-iconbox-aside\">\n<div class=\"fw-iconbox-title\">\n<h4>frische F\u00fchrungskr\u00e4fte<\/h4>\n<\/p><\/div>\n<div class=\"fw-iconbox-text\">\n<p>Sie sind im letzten Jahr bef\u00f6rdert worden? Ihr Aufstieg steht kurz bevor?<\/p>\n<\/p><\/div>\n<div class=\"text-center\">\t\t\t<a href=\"#junior\" target=\"_self\" class=\"fw-btn  fw-btn-md fw-btn-2 anchor\" rel=\"noopener noreferrer\"><br \/>\n\t\t\t\t<span><br \/>\n\t\t\t\t\t\t\t\t\t\t\tAngebote\t\t\t\t\t\t\t\t\t<\/span><br \/>\n\t\t\t<\/a>\n\t\t\t<\/div>\n<\/p><\/div>\n<\/div><\/div>\n<\/p><\/div>\n<\/div>\n<div id=\"column-5cc9e50607eee\" class=\"fw-col-sm-6 tf-sh-862daaf82ed382ef2472eff86048cf24\">\n<div class=\"fw-wrap-col-inner clearfix  \">\n<div class=\"fw-col-inner\">\n<div class=\"fw-iconbox clearfix tf-sh-f44fbe72339ffe54e1b091aff85bfced fw-iconbox-4 fw-icon-top   bg-none \">\n<div class=\"fw-iconbox-image \">\n\t\t\t\t\t<i class=\"fa fa-user-plus fw_theme_text_color_2\"><\/i>\n\t\t\t<\/div>\n<div class=\"fw-iconbox-aside\">\n<div class=\"fw-iconbox-title\">\n<h4>oberste F\u00fchrungskr\u00e4fte<\/h4>\n<\/p><\/div>\n<div class=\"fw-iconbox-text\">\n<p>Sie sind der Kopf Ihrer Organisation? GF, Vorstand, Eigent\u00fcmer?<\/p>\n<\/p><\/div>\n<div class=\"text-center\">\t\t\t<a href=\"#head\" target=\"_self\" class=\"fw-btn  fw-btn-md fw-btn-2 anchor\" rel=\"noopener noreferrer\"><br \/>\n\t\t\t\t<span><br \/>\n\t\t\t\t\t\t\t\t\t\t\tAngebote\t\t\t\t\t\t\t\t\t<\/span><br \/>\n\t\t\t<\/a>\n\t\t\t<\/div>\n<\/p><\/div>\n<\/div><\/div>\n<\/p><\/div>\n<\/div>\n<\/div><\/div>\n<\/section>\n<section id=\"prospect\" class=\"fw-main-row-custom  auto  fw-section-position-back tf-sh-82198f282669a056737155f1d574e5e0\">\n<div class=\"fw-container\" style=\"background-color:#111111\">\n<div class=\"fw-row\">\n<div id=\"column-5cc9e506093c2\" class=\"fw-col-sm-6 tf-sh-56f72566302e57f1ebcca892382457e3\">\n<div class=\"fw-wrap-col-inner clearfix  \">\n<div class=\"fw-col-inner\">\n\t\t\t\t\t<\/div>\n<\/p><\/div>\n<\/div>\n<div id=\"column-5cc9e50609757\" class=\"fw-col-sm-6 tf-sh-d2fab3e0e7c425ad755cc6e10fb6a209\">\n<div class=\"fw-wrap-col-inner clearfix  \">\n<div class=\"fw-col-inner\">\n\t\t\t\t\t<\/div>\n<\/p><\/div>\n<\/div>\n<\/div><\/div>\n<\/section>\n<p><!-- c6726ff8f957b6122a5f7f6723e2de39 --><\/p>\n","protected":false},"excerpt":{"rendered":"<p>werdende F\u00fchrungskr\u00e4fte Sie arbeiten daran, bef\u00f6rdert zu werden? Sie wollen Leistung zeigen? Angebote alle F\u00fchrungskr\u00e4fte Sie sind im letzten Jahr bef\u00f6rdert worden? Ihr Aufstieg steht kurz bevor? Angebote frische F\u00fchrungskr\u00e4fte Sie sind im letzten Jahr bef\u00f6rdert worden? Ihr Aufstieg steht kurz bevor? Angebote oberste F\u00fchrungskr\u00e4fte Sie sind der Kopf Ihrer Organisation? GF, Vorstand, Eigent\u00fcmer? Angebote<\/p>\n","protected":false},"author":4,"featured_media":0,"parent":0,"menu_order":0,"comment_status":"closed","ping_status":"closed","template":"visual-builder-template.php","meta":{"footnotes":""},"class_list":["post-9843","page","type-page","status-publish","hentry"],"_links":{"self":[{"href":"https:\/\/leben-fuehren.de\/r3\/wp-json\/wp\/v2\/pages\/9843","targetHints":{"allow":["GET"]}}],"collection":[{"href":"https:\/\/leben-fuehren.de\/r3\/wp-json\/wp\/v2\/pages"}],"about":[{"href":"https:\/\/leben-fuehren.de\/r3\/wp-json\/wp\/v2\/types\/page"}],"author":[{"embeddable":true,"href":"https:\/\/leben-fuehren.de\/r3\/wp-json\/wp\/v2\/users\/4"}],"replies":[{"embeddable":true,"href":"https:\/\/leben-fuehren.de\/r3\/wp-json\/wp\/v2\/comments?post=9843"}],"version-history":[{"count":0,"href":"https:\/\/leben-fuehren.de\/r3\/wp-json\/wp\/v2\/pages\/9843\/revisions"}],"wp:attachment":[{"href":"https:\/\/leben-fuehren.de\/r3\/wp-json\/wp\/v2\/media?parent=9843"}],"curies":[{"name":"wp","href":"https:\/\/api.w.org\/{rel}","templated":true}]}}