{"id":8636,"date":"2018-10-04T17:26:43","date_gmt":"2018-10-04T15:26:43","guid":{"rendered":"https:\/\/leben-fuehren.de\/?page_id=8636"},"modified":"2020-05-14T11:14:50","modified_gmt":"2020-05-14T09:14:50","slug":"kiosk-gth98s1m","status":"publish","type":"page","link":"https:\/\/leben-fuehren.de\/r3\/leaderscommunity\/kiosk-gth98s1m\/","title":{"rendered":"Kiosk"},"content":{"rendered":"<section data-parallax-background-speed=\"10\" class=\"fw-main-row-custom fw-main-row-top fw-content-overlay-custom fw_theme_bg_fw-custom fw-section-image fw-section-height-custom fw-content-vertical-align-middle parallax-section fw-section-position-back tf-sh-a56705f53a0076a1ceaf0aafb829ae97\" style=\"margin-bottom:-50px;background-image:url(https:\/\/leben-fuehren.de\/wp-content\/uploads\/Header-Welcome.jpg);background-position: center top;background-size: auto;height: 350px\">\n<div class=\"fw-main-row-overlay\" style=\"background-color: #ffffff\"><\/div>\n<div class=\"fw-container\">\n<div class=\"fw-row\">\n<div id=\"column-5ebd0c09d0092\" class=\"fw-col-sm-12 tf-sh-8abad2f923068943c7796aec9eb87f8e\">\n<div class=\"fw-wrap-col-inner clearfix  \">\n<div class=\"fw-col-inner\">\n<div class=\"fw-text-box tf-sh-adad765fc88085eff80e7fb2298bf36e \">\n<div class=\"fw-text-inner\">\n<h1 style=\"color: #1d1d1d\">Herzlich willkommen<\/h1>\n<p style=\"color: #1d1d1d\">im Kiosk der <span class=\"handwriting\">Leaders Community<\/span>, der Gemeinschaft erfolgreicher F\u00fchrungskr\u00e4fte.<\/p>\n<\/p><\/div>\n<\/div><\/div>\n<\/p><\/div>\n<\/div>\n<\/div><\/div>\n<\/section>\n<section class=\"fw-main-row-custom  auto  fw-section-position-back tf-sh-84e0aceb02e81a5bba1a4edc8a1862d9\">\n<div class=\"fw-container\" style=\"background-color:#1a1a1a\">\n<div class=\"fw-row\">\n<div id=\"column-5ebd0c09d40c5\" class=\"fw-col-sm-12 tf-sh-1f81768c298a570d27f2dd098537fb9b\">\n<div class=\"fw-wrap-col-inner clearfix  \">\n<div class=\"fw-col-inner\">\n<div class=\"fw-text-box tf-sh-94d3d0647f5b03a453137469d6d3c146 \">\n<div class=\"fw-text-inner\">\n<p>Gr\u00fc\u00df Dich!<\/p>\n<ul>\n<li>Und die <a href=\"https:\/\/leben-fuehren.de\/leaderscommunity\/video-lf101-58fh6gc1\/\"><i class=\"fa fa-video-camera\" aria-hidden=\"true\"><\/i>-Aufnahme von der <i class=\"fa fa-microphone\" aria-hidden=\"true\"><\/i>-Aufnahme der Episode 101<\/a> <i class=\"fa fa-smile-o\" aria-hidden=\"true\"><\/i>.<\/li>\n<li>Das <a href=\"https:\/\/leben-fuehren.de\/leaderscommunity\/video-lf181-fhr7sm0q\/\">Video<\/a> zur Episode 181<\/li>\n<\/ul><\/div>\n<\/div>\n<div class=\"fw-divider-space space-md  clearfix\"><\/div>\n<\/p><\/div>\n<\/p><\/div>\n<\/div>\n<\/div>\n<div class=\"fw-row\">\n<div id=\"column-5ebd0c09d4d00\" class=\"fw-col-sm-6 tf-sh-db84c6b9f450784a45836e075b585b24  fw-col-no-padding\">\n<div class=\"fw-wrap-col-inner clearfix  \">\n<div class=\"fw-col-inner\">\n<div class=\"fw-iconbox clearfix tf-sh-a61e9745a8eb522fa0b31ee075f99b2a fw-iconbox-2    bg-none \">\n<div class=\"fw-iconbox-image \">\n\t\t\t\t\t<i class=\"fa fa-folder-open fw_theme_text_color_4\"><\/i>\n\t\t\t<\/div>\n<div class=\"fw-iconbox-aside\">\n<div class=\"fw-iconbox-title\">\n<h4>Podcast-Episoden<\/h4>\n<\/p><\/div>\n<div class=\"fw-iconbox-text\">\n<p>Eine kompakte Liste aller Episoden.<\/p>\n<\/p><\/div>\n<div class=\"text-center\">\t\t\t<a href=\"https:\/\/leben-fuehren.de\/leaderscommunity\/alle-episoden-8u9065ry\/\" target=\"_self\" class=\"fw-btn  fw-btn-sm fw-btn-2 \" rel=\"noopener noreferrer\"><br \/>\n\t\t\t\t<span><br \/>\n\t\t\t\t\t\t\t\t\t\t\tZEIGEN\t\t\t\t\t\t\t\t\t<\/span><br \/>\n\t\t\t<\/a>\n\t\t\t<\/div>\n<\/p><\/div>\n<\/div><\/div>\n<\/p><\/div>\n<\/div>\n<div id=\"column-5ebd0c09d55ec\" class=\"fw-col-sm-6 tf-sh-23fec6b2a15adab2db50aa3faab73313  fw-col-no-padding\">\n<div class=\"fw-wrap-col-inner clearfix  \">\n<div class=\"fw-col-inner\">\n<div class=\"fw-iconbox clearfix tf-sh-0659f1ec2aa4aaa6e34570ef1b8e2a70 fw-iconbox-2    bg-none \">\n<div class=\"fw-iconbox-image \">\n\t\t\t\t\t<i class=\"fa fa-floppy-o fw_theme_text_color_4\"><\/i>\n\t\t\t<\/div>\n<div class=\"fw-iconbox-aside\">\n<div class=\"fw-iconbox-title\">\n<h4>Podcast-Episoden<\/h4>\n<\/p><\/div>\n<div class=\"fw-iconbox-text\">\n<p>Oder alle als Archive.<\/p>\n<\/p><\/div>\n<div class=\"text-center\">\t\t\t<a href=\"https:\/\/leben-fuehren.de\/leaderscommunity\/episoden-archive-hzu3e2a1\/\" target=\"_self\" class=\"fw-btn  fw-btn-sm fw-btn-2 \" rel=\"noopener noreferrer\"><br \/>\n\t\t\t\t<span><br \/>\n\t\t\t\t\t\t\t\t\t\t\tZEIGEN\t\t\t\t\t\t\t\t\t<\/span><br \/>\n\t\t\t<\/a>\n\t\t\t<\/div>\n<\/p><\/div>\n<\/div><\/div>\n<\/p><\/div>\n<\/div>\n<\/div>\n<div class=\"fw-row\">\n<div id=\"column-5ebd0c09d9016\" class=\"fw-col-sm-4 tf-sh-20a33cd34f4a811b15ba3a035b61c0a5  fw-col-no-padding\">\n<div class=\"fw-wrap-col-inner clearfix  \">\n<div class=\"fw-col-inner\">\n<div class=\"fw-iconbox clearfix tf-sh-80d742449b4d87f4948c345b6e655b85 fw-iconbox-1    bg-none \">\n<div class=\"fw-iconbox-image \">\n\t\t\t\t\t<i class=\"fa fa-bar-chart-o fw_theme_text_color_4\"><\/i>\n\t\t\t<\/div>\n<div class=\"fw-iconbox-aside\">\n<div class=\"fw-iconbox-title\">\n<h4>Video-Events<\/h4>\n<\/p><\/div>\n<div class=\"fw-iconbox-text\">\n<p>Erfahrungen vom StarsMeeting-online<\/p>\n<\/p><\/div>\n<div class=\"text-center\">\t\t\t<a href=\"https:\/\/leben-fuehren.de\/leaderscommunity\/video-events-fewl7t5o\/%20\" target=\"_self\" class=\"fw-btn  fw-btn-sm fw-btn-2 \" rel=\"noopener noreferrer\"><br \/>\n\t\t\t\t<span><br \/>\n\t\t\t\t\t\t\t\t\t\t\tZEIGEN\t\t\t\t\t\t\t\t\t<\/span><br \/>\n\t\t\t<\/a>\n\t\t\t<\/div>\n<\/p><\/div>\n<\/div><\/div>\n<\/p><\/div>\n<\/div>\n<div id=\"column-5ebd0c09d9799\" class=\"fw-col-sm-4 tf-sh-59d4d68830bdc977dcbc5eb8e61f4df2  fw-col-no-padding\">\n<div class=\"fw-wrap-col-inner clearfix  \">\n<div class=\"fw-col-inner\">\n<div class=\"fw-iconbox clearfix tf-sh-c65de384731d6ea68c47dd7ff4396996 fw-iconbox-1    bg-none \">\n<div class=\"fw-iconbox-image \">\n\t\t\t\t\t<i class=\"fa fa-bar-chart-o fw_theme_text_color_4\"><\/i>\n\t\t\t<\/div>\n<div class=\"fw-iconbox-aside\">\n<div class=\"fw-iconbox-title\">\n<h4>Mastermind<br \/>Guide<\/h4>\n<\/p><\/div>\n<div class=\"text-center\">\t\t\t<a href=\"https:\/\/leben-fuehren.de\/leaderscommunity\/mastermindguide-jzhs5g21\/\" target=\"_self\" class=\"fw-btn  fw-btn-sm fw-btn-2 \" rel=\"noopener noreferrer\"><br \/>\n\t\t\t\t<span><br \/>\n\t\t\t\t\t\t\t\t\t\t\tZEIGEN\t\t\t\t\t\t\t\t\t<\/span><br \/>\n\t\t\t<\/a>\n\t\t\t<\/div>\n<\/p><\/div>\n<\/div><\/div>\n<\/p><\/div>\n<\/div>\n<div id=\"column-5ebd0c09da0b0\" class=\"fw-col-sm-4 tf-sh-8b1ce52655882401562dd45056033a0c  fw-col-no-padding\">\n<div class=\"fw-wrap-col-inner clearfix  \">\n<div class=\"fw-col-inner\">\n<div class=\"fw-iconbox clearfix tf-sh-cb51234aee173344ca6d7e5527cfb600 fw-iconbox-1    bg-none \">\n<div class=\"fw-iconbox-image \">\n\t\t\t\t\t<i class=\"fa fa-comments fw_theme_text_color_4\"><\/i>\n\t\t\t<\/div>\n<div class=\"fw-iconbox-aside\">\n<div class=\"fw-iconbox-title\">\n<h4>One on Ones<br \/>Spezial<\/h4>\n<\/p><\/div>\n<div class=\"text-center\">\t\t\t<a href=\"https:\/\/leben-fuehren.de\/leaderscommunity\/one-on-ones-htri3b2ds\/\" target=\"_self\" class=\"fw-btn  fw-btn-sm fw-btn-2 \" rel=\"noopener noreferrer\"><br \/>\n\t\t\t\t<span><br \/>\n\t\t\t\t\t\t\t\t\t\t\tZEIGEN\t\t\t\t\t\t\t\t\t<\/span><br \/>\n\t\t\t<\/a>\n\t\t\t<\/div>\n<\/p><\/div>\n<\/div><\/div>\n<\/p><\/div>\n<\/div>\n<\/div>\n<div class=\"fw-row\">\n<div id=\"column-5ebd0c09daacf\" class=\"fw-col-sm-4 tf-sh-08b236c690edc77d731d7d374d6c46d7  fw-col-no-padding\">\n<div class=\"fw-wrap-col-inner clearfix  \">\n<div class=\"fw-col-inner\">\n<div class=\"fw-iconbox clearfix tf-sh-1c7f0ced93e981fda739378eefe16c1b fw-iconbox-1    bg-none \">\n<div class=\"fw-iconbox-image \">\n\t\t\t\t\t<i class=\"fa fa-arrows-alt fw_theme_text_color_4\"><\/i>\n\t\t\t<\/div>\n<div class=\"fw-iconbox-aside\">\n<div class=\"fw-iconbox-title\">\n<h4>Kommunikations<br \/>Stile<\/h4>\n<\/p><\/div>\n<div class=\"text-center\">\t\t\t<a href=\"https:\/\/leben-fuehren.de\/leaderscommunity\/kommstile-kh763f0h\/\" target=\"_self\" class=\"fw-btn  fw-btn-sm fw-btn-2 \" rel=\"noopener noreferrer\"><br \/>\n\t\t\t\t<span><br \/>\n\t\t\t\t\t\t\t\t\t\t\tZEIGEN\t\t\t\t\t\t\t\t\t<\/span><br \/>\n\t\t\t<\/a>\n\t\t\t<\/div>\n<\/p><\/div>\n<\/div><\/div>\n<\/p><\/div>\n<\/div>\n<div id=\"column-5ebd0c09db1d4\" class=\"fw-col-sm-4 tf-sh-7f895ac9c318b313a97f79d6b68b36d9  fw-col-no-padding\">\n<div class=\"fw-wrap-col-inner clearfix  \">\n<div class=\"fw-col-inner\">\n<div class=\"fw-iconbox clearfix tf-sh-bb907b93016ddee4805c27919619403b fw-iconbox-1    bg-none \">\n<div class=\"fw-iconbox-image \">\n\t\t\t\t\t<i class=\"fa fa-calendar fw_theme_text_color_4\"><\/i>\n\t\t\t<\/div>\n<div class=\"fw-iconbox-aside\">\n<div class=\"fw-iconbox-title\">\n<h4>Jahres<br \/>Spickzettel<\/h4>\n<\/p><\/div>\n<div class=\"text-center\">\t\t\t<a href=\"https:\/\/leben-fuehren.de\/leaderscommunity\/jahres-spickzettel-hgmv9sw2\/\" target=\"_self\" class=\"fw-btn  fw-btn-sm fw-btn-2 \" rel=\"noopener noreferrer\"><br \/>\n\t\t\t\t<span><br \/>\n\t\t\t\t\t\t\t\t\t\t\tZEIGEN\t\t\t\t\t\t\t\t\t<\/span><br \/>\n\t\t\t<\/a>\n\t\t\t<\/div>\n<\/p><\/div>\n<\/div><\/div>\n<\/p><\/div>\n<\/div>\n<div id=\"column-5ebd0c09db86f\" class=\"fw-col-sm-4 tf-sh-4bf089a1e6abc7cda02f131fe31838c1  fw-col-no-padding\">\n<div class=\"fw-wrap-col-inner clearfix  \">\n<div class=\"fw-col-inner\">\n<div class=\"fw-iconbox clearfix tf-sh-65aa549a1cfdf568ff33834861abbe67 fw-iconbox-1    bg-none \">\n<div class=\"fw-iconbox-image \">\n\t\t\t\t\t<i class=\"fa fa-circle-o-notch fw_theme_text_color_4\"><\/i>\n\t\t\t<\/div>\n<div class=\"fw-iconbox-aside\">\n<div class=\"fw-iconbox-title\">\n<h4>Das<br \/>Lebensrad<\/h4>\n<\/p><\/div>\n<div class=\"text-center\">\t\t\t<a href=\"https:\/\/leben-fuehren.de\/leaderscommunity\/lebensrad-34ea8ivw\/\" target=\"_self\" class=\"fw-btn  fw-btn-sm fw-btn-2 \" rel=\"noopener noreferrer\"><br \/>\n\t\t\t\t<span><br \/>\n\t\t\t\t\t\t\t\t\t\t\tZEIGEN\t\t\t\t\t\t\t\t\t<\/span><br \/>\n\t\t\t<\/a>\n\t\t\t<\/div>\n<\/p><\/div>\n<\/div><\/div>\n<\/p><\/div>\n<\/div>\n<\/div>\n<div class=\"fw-row\">\n<div id=\"column-5ebd0c09de374\" class=\"fw-col-sm-4 tf-sh-a638e3f73467fd38cf5d56a5246021fe  fw-col-no-padding\">\n<div class=\"fw-wrap-col-inner clearfix  \">\n<div class=\"fw-col-inner\">\n<div class=\"fw-iconbox clearfix tf-sh-cf64c748b72de8e35c7bde5100d27a2e fw-iconbox-1    bg-none \">\n<div class=\"fw-iconbox-image \">\n\t\t\t\t\t<i class=\"fa fa-qrcode fw_theme_text_color_4\"><\/i>\n\t\t\t<\/div>\n<div class=\"fw-iconbox-aside\">\n<div class=\"fw-iconbox-title\">\n<h4>Cover<br \/>Evolution<\/h4>\n<\/p><\/div>\n<div class=\"text-center\">\t\t\t<a href=\"https:\/\/leben-fuehren.de\/leaderscommunity\/cover-evolution-25f9w6as\/\" target=\"_self\" class=\"fw-btn  fw-btn-sm fw-btn-2 \" rel=\"noopener noreferrer\"><br \/>\n\t\t\t\t<span><br \/>\n\t\t\t\t\t\t\t\t\t\t\tZEIGEN\t\t\t\t\t\t\t\t\t<\/span><br \/>\n\t\t\t<\/a>\n\t\t\t<\/div>\n<\/p><\/div>\n<\/div><\/div>\n<\/p><\/div>\n<\/div>\n<div id=\"column-5ebd0c09deae3\" class=\"fw-col-sm-4 tf-sh-d8d9afdcbec98e4ed22b01e54ca21f9e  fw-col-no-padding\">\n<div class=\"fw-wrap-col-inner clearfix  \">\n<div class=\"fw-col-inner\">\n<div class=\"fw-iconbox clearfix tf-sh-684b118abcdfb36cd00497f6e8d5449d fw-iconbox-1    bg-none \">\n<div class=\"fw-iconbox-image \">\n\t\t\t\t\t<i class=\"fa fa-play fw_theme_text_color_4\"><\/i>\n\t\t\t<\/div>\n<div class=\"fw-iconbox-aside\">\n<div class=\"fw-iconbox-title\">\n<h4>Das Video zur Episode 181<\/h4>\n<\/p><\/div>\n<div class=\"text-center\">\t\t\t<a href=\"https:\/\/leben-fuehren.de\/leaderscommunity\/video-lf181-fhr7sm0q\/\" target=\"_self\" class=\"fw-btn  fw-btn-sm fw-btn-2 \" rel=\"noopener noreferrer\"><br \/>\n\t\t\t\t<span><br \/>\n\t\t\t\t\t\t\t\t\t\t\tZEIGEN\t\t\t\t\t\t\t\t\t<\/span><br \/>\n\t\t\t<\/a>\n\t\t\t<\/div>\n<\/p><\/div>\n<\/div><\/div>\n<\/p><\/div>\n<\/div>\n<div id=\"column-5ebd0c09df274\" class=\"fw-col-sm-4 tf-sh-6948e08da07e4863f1a8d725c68daf63  fw-col-no-padding\">\n<div class=\"fw-wrap-col-inner clearfix  \">\n<div class=\"fw-col-inner\">\n<div class=\"fw-iconbox clearfix tf-sh-b6813712bbc2c75941de65fe46fc0082 fw-iconbox-1    bg-none \">\n<div class=\"fw-iconbox-image \">\n\t\t\t\t\t<i class=\"fa fa-play fw_theme_text_color_4\"><\/i>\n\t\t\t<\/div>\n<div class=\"fw-iconbox-aside\">\n<div class=\"fw-iconbox-title\">\n<h4>Aufnahme von der 101<\/h4>\n<\/p><\/div>\n<div class=\"text-center\">\t\t\t<a href=\"https:\/\/leben-fuehren.de\/leaderscommunity\/video-lf101-58fh6gc1\/\" target=\"_self\" class=\"fw-btn  fw-btn-sm fw-btn-2 \" rel=\"noopener noreferrer\"><br \/>\n\t\t\t\t<span><br \/>\n\t\t\t\t\t\t\t\t\t\t\tZEIGEN\t\t\t\t\t\t\t\t\t<\/span><br \/>\n\t\t\t<\/a>\n\t\t\t<\/div>\n<\/p><\/div>\n<\/div><\/div>\n<\/p><\/div>\n<\/div>\n<\/div>\n<div class=\"fw-row\">\n<div id=\"column-5ebd0c09dfbc2\" class=\"fw-col-sm-4 tf-sh-cf132d5fce6f348fd0ee120e7e15ded3  fw-col-no-padding\">\n<div class=\"fw-wrap-col-inner clearfix  \">\n<div class=\"fw-col-inner\">\n<div class=\"fw-iconbox clearfix tf-sh-d669c9c2540f53da5b06b5cf215f225e fw-iconbox-1    bg-none \">\n<div class=\"fw-iconbox-image \">\n\t\t\t\t\t<i class=\"fa fa-youtube-square fw_theme_text_color_1\"><\/i>\n\t\t\t<\/div>\n<div class=\"fw-iconbox-aside\">\n<div class=\"fw-iconbox-title\">\n<h4>mein Kanal<\/h4>\n<\/p><\/div>\n<div class=\"text-center\">\t\t\t<a href=\"https:\/\/www.youtube.com\/channel\/UCiBCW4U_-ofXGyt8_XWkHeA\/featured?view_as=subscriber\" target=\"_self\" class=\"fw-btn  fw-btn-sm fw-btn-2 \" rel=\"noopener noreferrer\"><br \/>\n\t\t\t\t<span><br \/>\n\t\t\t\t\t\t\t\t\t\t\tZEIGEN\t\t\t\t\t\t\t\t\t<\/span><br \/>\n\t\t\t<\/a>\n\t\t\t<\/div>\n<\/p><\/div>\n<\/div><\/div>\n<\/p><\/div>\n<\/div>\n<\/div>\n<div class=\"fw-row\">\n<div id=\"column-5ebd0c09e062e\" class=\"fw-col-sm-12 tf-sh-5b869cbca2809e849905ed85880e1889\">\n<div class=\"fw-wrap-col-inner clearfix  \">\n<div class=\"fw-col-inner\">\n<div class=\"fw-divider-space space-md  clearfix\"><\/div>\n<div class=\"fw-text-box tf-sh-710db23a2dc2d44256ab6e4e05320602 \">\n<div class=\"fw-text-inner\">\n<p>Auf eine erfolgreiche Zeit<\/p>\n<p>Dein OLAF KAPINSKI <i class=\"fa fa-smile-o\" aria-hidden=\"true\"><\/i><\/p>\n<p><small>PS: Nochmal meine <a href=\"https:\/\/leben-fuehren.de\/wp-content\/uploads\/OlafKapinski-LF.zip\" target=\"_blank\" rel=\"noopener noreferrer\"><strong>vCard<\/strong><\/a><\/small><\/p>\n<\/p><\/div>\n<\/div><\/div>\n<\/p><\/div>\n<\/div>\n<\/div><\/div>\n<\/section>\n<section class=\"fw-main-row-custom  fw-section-height-custom  fw-section-position-back tf-sh-5ba29613485f7b889d46462276a5edf4\" style=\"height: 100px\">\n<div class=\"fw-container\">\n<div class=\"fw-row\">\n<div id=\"column-5ebd0c09e4eac\" class=\"fw-col-sm-12 tf-sh-dd794c7b27d024ec987b5440b881e29f\">\n<div class=\"fw-wrap-col-inner clearfix  \">\n<div class=\"fw-col-inner\">\n<div class=\"fw-text-box tf-sh-e7294eacb6215ad5c65016cf9c817fbc \">\n<div class=\"fw-text-inner\">\n<p style=\"text-align: right\"><span style=\"color: #000000\">V.2.0-2018\/10<\/span><\/p>\n<\/p><\/div>\n<\/div><\/div>\n<\/p><\/div>\n<\/div>\n<\/div><\/div>\n<\/section>\n<p><!-- 8f3e5d696de797a8135e377b95d779e6 --><\/p>\n","protected":false},"excerpt":{"rendered":"<p>Herzlich willkommen im Kiosk der Leaders Community, der Gemeinschaft erfolgreicher F\u00fchrungskr\u00e4fte. Gr\u00fc\u00df Dich! Und die -Aufnahme von der -Aufnahme der Episode 101 . Das Video zur Episode 181 Podcast-Episoden Eine kompakte Liste aller Episoden. ZEIGEN Podcast-Episoden Oder alle als Archive. ZEIGEN Video-Events Erfahrungen vom StarsMeeting-online ZEIGEN MastermindGuide ZEIGEN One on OnesSpezial ZEIGEN KommunikationsStile ZEIGEN JahresSpickzettel [&hellip;]<\/p>\n","protected":false},"author":4,"featured_media":1238,"parent":3275,"menu_order":0,"comment_status":"closed","ping_status":"closed","template":"visual-builder-template.php","meta":{"footnotes":""},"class_list":["post-8636","page","type-page","status-publish","has-post-thumbnail","hentry"],"_links":{"self":[{"href":"https:\/\/leben-fuehren.de\/r3\/wp-json\/wp\/v2\/pages\/8636","targetHints":{"allow":["GET"]}}],"collection":[{"href":"https:\/\/leben-fuehren.de\/r3\/wp-json\/wp\/v2\/pages"}],"about":[{"href":"https:\/\/leben-fuehren.de\/r3\/wp-json\/wp\/v2\/types\/page"}],"author":[{"embeddable":true,"href":"https:\/\/leben-fuehren.de\/r3\/wp-json\/wp\/v2\/users\/4"}],"replies":[{"embeddable":true,"href":"https:\/\/leben-fuehren.de\/r3\/wp-json\/wp\/v2\/comments?post=8636"}],"version-history":[{"count":0,"href":"https:\/\/leben-fuehren.de\/r3\/wp-json\/wp\/v2\/pages\/8636\/revisions"}],"up":[{"embeddable":true,"href":"https:\/\/leben-fuehren.de\/r3\/wp-json\/wp\/v2\/pages\/3275"}],"wp:featuredmedia":[{"embeddable":true,"href":"https:\/\/leben-fuehren.de\/r3\/wp-json\/wp\/v2\/media\/1238"}],"wp:attachment":[{"href":"https:\/\/leben-fuehren.de\/r3\/wp-json\/wp\/v2\/media?parent=8636"}],"curies":[{"name":"wp","href":"https:\/\/api.w.org\/{rel}","templated":true}]}}