{"id":8393,"date":"2018-08-23T17:07:51","date_gmt":"2018-08-23T15:07:51","guid":{"rendered":"https:\/\/leben-fuehren.de\/?page_id=8393"},"modified":"2018-10-25T07:39:35","modified_gmt":"2018-10-25T05:39:35","slug":"abo-willkommen","status":"publish","type":"page","link":"https:\/\/leben-fuehren.de\/r3\/abo\/abo-willkommen\/","title":{"rendered":"Herzlich willkommen"},"content":{"rendered":"<section class=\"fw-main-row-custom fw-main-row-top fw-content-overlay-custom fw_theme_bg_fw-custom fw-section-image fw-section-height-custom fw-content-vertical-align-middle parallax-section fw-section-position-back tf-sh-9526c2b7e6fe56555ec22417c0f5ad45\">\n<div class=\"fw-main-row-overlay\" style=\"background-color: #ffffff\"><\/div>\n<div class=\"fw-container-fluid\">\n<div class=\"fw-row\">\n<div id=\"column-5ba51ba197c15\" class=\"fw-col-sm-2 tf-sh-83c16bace5efc04e4103b225db70e8b8\">\n<div class=\"fw-wrap-col-inner clearfix  \">\n<div class=\"fw-col-inner\">\n\t\t\t\t\t<\/div>\n<\/p><\/div>\n<\/div>\n<div id=\"column-5ba51ba197f77\" class=\"fw-col-sm-6 tf-sh-6fc20c159d8bb472dcc8cb6ad35a069a\">\n<div class=\"fw-wrap-col-inner clearfix  \">\n<div class=\"fw-col-inner\">\n<div class=\"fw-text-box tf-sh-fac5e5db3162e8d3f53fa8b5ab2fe7d9 \">\n<div class=\"fw-text-inner\">\n<h1 style=\"color: #1d1d1d\">Herzlich willkommen<\/h1>\n<p style=\"color: #1d1d1d\">im Kiosk der <span class=\"handwriting\">Leaders Community<\/span>, der Gemeinschaft erfolgreicher F\u00fchrungskr\u00e4fte.<\/p>\n<\/p><\/div>\n<\/div><\/div>\n<\/p><\/div>\n<\/div>\n<div id=\"column-5ba51ba1984be\" class=\"fw-col-sm-4 tf-sh-07de6c9a5894351c47d2380d23bcb041\">\n<div class=\"fw-wrap-col-inner clearfix  \">\n<div class=\"fw-col-inner\">\n\t\t\t\t\t<\/div>\n<\/p><\/div>\n<\/div>\n<\/div><\/div>\n<\/section>\n<section class=\"fw-main-row-custom  auto  fw-section-position-back tf-sh-a6f90d1705c0913a21b89f90e34f39c7\">\n<div class=\"fw-container\" style=\"background-color:#1a1a1a\">\n<div class=\"fw-row\">\n<div id=\"column-5ba51ba198ec7\" class=\"fw-col-sm-12 tf-sh-15d0a033da6979ff53cf62f2bb9fd226\">\n<div class=\"fw-wrap-col-inner clearfix  \">\n<div class=\"fw-col-inner\">\n<div class=\"fw-text-box tf-sh-5663027881c5acbbf2426add455d0b3c \">\n<div class=\"fw-text-inner\">\n<p>Gr\u00fc\u00df Dich!<\/p>\n<ul>\n<li>Das LEBEN-F\u00dcHREN Spezial: One on Ones <a href=\"https:\/\/leben-fuehren.de\/abo\/one-on-ones-htri3b2ds\/\">findest Du hier<\/a>.<\/li>\n<li>Eine kompakte Zusammenfassung aller Podcast-Episoden <a href=\"https:\/\/leben-fuehren.de\/alle-episoden\/\">findest Du hier<\/a>.<\/li>\n<li>Und die <a href=\"https:\/\/leben-fuehren.de\/leaderscommunity\/video-lf101-58fh6gc1\/\"><i class=\"fa fa-video-camera\"><\/i>-Aufnahme von der <i class=\"fa fa-microphone\"><\/i>-Aufnahme der Episode 101<\/a> <i class=\"fa fa-smile-o\"><\/i>.<\/li>\n<li>Die Evolution der Podcast-Logos <a href=\"https:\/\/leben-fuehren.de\/leaderscommunity\/cover-evolution-25f9w6as\/\"> ist hier<\/a>.<\/li>\n<\/ul>\n<p>Auf eine erfolgreiche Zeit<\/p>\n<p>Dein OLAF KAPINSKI <i class=\"fa fa-smile-o\"><\/i><\/p>\n<p><small>PS: Nochmal meine <a href=\"https:\/\/leben-fuehren.de\/wp-content\/uploads\/OlafKapinski-LF.zip\" target=\"_blank\" rel=\"noopener\"><strong>vCard<\/strong><\/a><\/small><\/p>\n<\/p><\/div>\n<\/div><\/div>\n<\/p><\/div>\n<\/div>\n<\/div><\/div>\n<\/section>\n<section class=\"fw-main-row-custom  fw-section-height-custom  fw-section-position-back tf-sh-f8bda1bc7a59141e1b3e1f3ed9c9ac46\" style=\"height: 100px\">\n<div class=\"fw-container\">\n\t\t\t<\/div>\n<\/section>\n<p><!-- 6aa2a6edc3a17113da6c75f4fc582002 --><\/p>\n","protected":false},"excerpt":{"rendered":"<p>Herzlich willkommen im Kiosk der Leaders Community, der Gemeinschaft erfolgreicher F\u00fchrungskr\u00e4fte. Gr\u00fc\u00df Dich! Das LEBEN-F\u00dcHREN Spezial: One on Ones findest Du hier. Eine kompakte Zusammenfassung aller Podcast-Episoden findest Du hier. Und die -Aufnahme von der -Aufnahme der Episode 101 . Die Evolution der Podcast-Logos ist hier. Auf eine erfolgreiche Zeit Dein OLAF KAPINSKI PS: Nochmal [&hellip;]<\/p>\n","protected":false},"author":4,"featured_media":1238,"parent":395,"menu_order":0,"comment_status":"closed","ping_status":"closed","template":"visual-builder-template.php","meta":{"footnotes":""},"class_list":["post-8393","page","type-page","status-publish","has-post-thumbnail","hentry"],"_links":{"self":[{"href":"https:\/\/leben-fuehren.de\/r3\/wp-json\/wp\/v2\/pages\/8393","targetHints":{"allow":["GET"]}}],"collection":[{"href":"https:\/\/leben-fuehren.de\/r3\/wp-json\/wp\/v2\/pages"}],"about":[{"href":"https:\/\/leben-fuehren.de\/r3\/wp-json\/wp\/v2\/types\/page"}],"author":[{"embeddable":true,"href":"https:\/\/leben-fuehren.de\/r3\/wp-json\/wp\/v2\/users\/4"}],"replies":[{"embeddable":true,"href":"https:\/\/leben-fuehren.de\/r3\/wp-json\/wp\/v2\/comments?post=8393"}],"version-history":[{"count":0,"href":"https:\/\/leben-fuehren.de\/r3\/wp-json\/wp\/v2\/pages\/8393\/revisions"}],"up":[{"embeddable":true,"href":"https:\/\/leben-fuehren.de\/r3\/wp-json\/wp\/v2\/pages\/395"}],"wp:featuredmedia":[{"embeddable":true,"href":"https:\/\/leben-fuehren.de\/r3\/wp-json\/wp\/v2\/media\/1238"}],"wp:attachment":[{"href":"https:\/\/leben-fuehren.de\/r3\/wp-json\/wp\/v2\/media?parent=8393"}],"curies":[{"name":"wp","href":"https:\/\/api.w.org\/{rel}","templated":true}]}}