{"id":5270,"date":"2017-10-17T12:57:45","date_gmt":"2017-10-17T10:57:45","guid":{"rendered":"https:\/\/leben-fuehren.de\/?page_id=5270"},"modified":"2018-02-25T08:57:20","modified_gmt":"2018-02-25T07:57:20","slug":"404v1","status":"publish","type":"page","link":"https:\/\/leben-fuehren.de\/r3\/404v1\/","title":{"rendered":"404v1"},"content":{"rendered":"<h1>Fehler 404, Seite nicht gefunden<\/h1>\n<p>Entschuldigung, die gew\u00fcnsche Seite ist nicht verf\u00fcgbar. Nutzen Sie das Men\u00fc ganz oben zur Navigation auf dieser Seite.<\/p>\n<p>Oder Sie vertreiben sich noch ein wenig die Zeit und versuchen die armen Taucher zu retten:<\/p>\n<p style=\"text-align: center;\">\n<p style=\"text-align: center;\"><a href=\"https:\/\/www.mathplayground.com\/\" target=\"_blank\" rel=\"noopener\">Quelle: MathPlayground.com<\/a><\/p>\n<p><!-- ab632728df62869035ed26dfdcd49ad3 --><\/p>\n","protected":false},"excerpt":{"rendered":"<p>Fehler 404, Seite nicht gefunden Entschuldigung, die gew\u00fcnsche Seite ist nicht verf\u00fcgbar. Nutzen Sie das Men\u00fc ganz oben zur Navigation auf dieser Seite. Oder Sie vertreiben sich noch ein wenig die Zeit und versuchen die armen Taucher zu retten: Quelle: MathPlayground.com<\/p>\n","protected":false},"author":4,"featured_media":0,"parent":0,"menu_order":0,"comment_status":"closed","ping_status":"closed","template":"visual-builder-template.php","meta":{"footnotes":""},"class_list":["post-5270","page","type-page","status-publish","hentry"],"_links":{"self":[{"href":"https:\/\/leben-fuehren.de\/r3\/wp-json\/wp\/v2\/pages\/5270","targetHints":{"allow":["GET"]}}],"collection":[{"href":"https:\/\/leben-fuehren.de\/r3\/wp-json\/wp\/v2\/pages"}],"about":[{"href":"https:\/\/leben-fuehren.de\/r3\/wp-json\/wp\/v2\/types\/page"}],"author":[{"embeddable":true,"href":"https:\/\/leben-fuehren.de\/r3\/wp-json\/wp\/v2\/users\/4"}],"replies":[{"embeddable":true,"href":"https:\/\/leben-fuehren.de\/r3\/wp-json\/wp\/v2\/comments?post=5270"}],"version-history":[{"count":0,"href":"https:\/\/leben-fuehren.de\/r3\/wp-json\/wp\/v2\/pages\/5270\/revisions"}],"wp:attachment":[{"href":"https:\/\/leben-fuehren.de\/r3\/wp-json\/wp\/v2\/media?parent=5270"}],"curies":[{"name":"wp","href":"https:\/\/api.w.org\/{rel}","templated":true}]}}