{"id":463,"date":"2014-11-18T07:56:01","date_gmt":"2014-11-18T06:56:01","guid":{"rendered":"http:\/\/leben-fuehren.de\/?page_id=463"},"modified":"2020-05-14T12:19:36","modified_gmt":"2020-05-14T10:19:36","slug":"olaf-kapinski","status":"publish","type":"page","link":"https:\/\/leben-fuehren.de\/r3\/olaf-kapinski\/","title":{"rendered":"OLAF KAPINSKI"},"content":{"rendered":"<section class=\"fw-main-row-custom fw-main-row-top fw-content-overlay-lg fw_theme_bg_fw-custom fw-section-image fw-section-height-custom  fw-section-position-back tf-sh-5ab0396ad3c8ba55f13e048cb941fad4\" style=\"background-image:url(https:\/\/leben-fuehren.de\/wp-content\/uploads\/Header-Alumni.jpg);background-position: center top;background-size: auto;height: 300px\">\n<div class=\"fw-main-row-overlay\" style=\"background-color: #ffffff\"><\/div>\n<div class=\"fw-container-fluid\">\n\t\t\t<\/div>\n<\/section>\n<section class=\"fw-main-row-custom  auto  fw-section-position-back tf-sh-e5bbc6482f28ec44f3b86c2bafcbba56\">\n<div class=\"fw-container\" style=\"background-color:#1a1a1a\">\n<div class=\"fw-row\">\n<div id=\"column-5ebd1b384a732\" class=\"fw-col-sm-12 tf-sh-9b1c9d9d0d6376f7f55d4c38b7e5a23c\">\n<div class=\"fw-wrap-col-inner clearfix  \">\n<div class=\"fw-col-inner\">\n<div class=\"fw-heading fw-heading-left  fw-animated-element tf-sh-95677111833f29dc31835b44db0b8605\" data-animation-type=\"tada\" data-animation-delay=\"200\">\n<h1 class=\"fw-special-title\">OLAF KAPINSKI<\/h1>\n<\/p><\/div>\n<\/p><\/div>\n<\/p><\/div>\n<\/div>\n<\/div>\n<div class=\"fw-row\">\n<div id=\"column-5ebd1b384b072\" class=\"fw-col-sm-8 tf-sh-821c45ad9a91054d805a32e9260661db  fw-animated-element\" data-animation-type=\"fadeInUp\" data-animation-delay=\"300\">\n<div class=\"fw-wrap-col-inner clearfix  \">\n<div class=\"fw-col-inner\">\n<div class=\"fw-text-box tf-sh-5ce8388a4c67c2321c38a8c1a63e5078 \">\n<div class=\"fw-text-inner\">\n<p>Lassen Sie mich Ihnen kurz vorstellen, damit Sie eine Idee bekommen, mit wem Sie es hier zu tun haben:<br \/>Ich bin OLAF KAPINSKI, IT-Ingenieur, Unternehmer und F\u00fchrungskraft aus Leidenschaft. Ich war siebzehn Jahre aktive F\u00fchrungskraft, zuletzt f\u00fchrte ich Teams und Mitarbeiter in Europa, Asien und Nordamerika.<br \/>Um die F\u00fchrung von Menschen, um das gemeinsame Erreichen von Zielen, k\u00fcmmere ich mich schon seit mehr als meinem halben Leben. Angefangen habe ich in den sp\u00e4ten Achtzigern im Ehrenamt in der DLRG und in den fr\u00fchen Neunzigern im Malteser Hilfsdienst. Da Menschen in ihrer Freizeit zu f\u00fchren noch ein wenig anders ist, als Menschen im Beruf zu f\u00fchren, habe ich mich bereits sehr fr\u00fch um die Hintergr\u00fcnde von Kommunikation und F\u00fchrungstheorie gek\u00fcmmert. Reinhard Sprenger und Friedemann Schultz von Thun seien hier als die bekannteren Autoren genannt.<\/p>\n<\/p><\/div>\n<\/div><\/div>\n<\/p><\/div>\n<\/div>\n<div id=\"column-5ebd1b384b586\" class=\"fw-col-sm-4 tf-sh-2516de716c243779a750d23c7b9dd4f7  fw-animated-element\" data-animation-type=\"fadeInRight\" data-animation-delay=\"500\">\n<div class=\"fw-wrap-col-inner clearfix  \">\n<div class=\"fw-col-inner\">\n<div class=\"fw-block-image-parent  fw-block-image-center\" style=\"width: 300px\">\n\t\t\t<span class=\"fw-block-image-child fw-ratio-1 fw-ratio-container\"><br \/>\n\t\t\t\t<img decoding=\"async\" src=\"https:\/\/leben-fuehren.de\/wp-content\/uploads\/OlafKapinski-B01.jpg\" alt=\"Olaf Kapinski\" data-maxdpr=\"1.7\" width=\"300\" class=\"lazyload\" \/>\t\t\t\t\t\t\t<\/span>\n\t\t<\/div>\n<\/p><\/div>\n<\/p><\/div>\n<\/div>\n<\/div>\n<div class=\"fw-row\">\n<div id=\"column-5ebd1b384c5ae\" class=\"fw-col-sm-12 tf-sh-922165167a6c75bb53af84818ef81275\">\n<div class=\"fw-wrap-col-inner clearfix  \">\n<div class=\"fw-col-inner\">\n<div class=\"fw-divider-space space-md  clearfix\"><\/div>\n<\/p><\/div>\n<\/p><\/div>\n<\/div>\n<\/div>\n<div class=\"fw-row\">\n<div id=\"column-5ebd1b384cd76\" class=\"fw-col-sm-4 tf-sh-d5ccf276e255ee19c2ea020b035eb67f  fw-animated-element\" data-animation-type=\"rollIn\" data-animation-delay=\"500\">\n<div class=\"fw-wrap-col-inner clearfix  \">\n<div class=\"fw-col-inner\">\n<div class=\"fw-block-image-parent  fw-block-image-center\" style=\"width: 300px\">\n\t\t\t<span class=\"fw-block-image-child fw-ratio-1 fw-ratio-container\"><br \/>\n\t\t\t\t<img decoding=\"async\" src=\"https:\/\/leben-fuehren.de\/wp-content\/uploads\/OlafKapinski-S01.jpg\" alt=\"Olaf Kapinski\" data-maxdpr=\"1.7\" width=\"300\" class=\"lazyload\" \/>\t\t\t\t\t\t\t<\/span>\n\t\t<\/div>\n<\/p><\/div>\n<\/p><\/div>\n<\/div>\n<div id=\"column-5ebd1b384d99a\" class=\"fw-col-sm-8 tf-sh-9cc6f6bf96423a6129734b398462241f  fw-animated-element\" data-animation-type=\"fadeInUp\" data-animation-delay=\"300\">\n<div class=\"fw-wrap-col-inner clearfix  \">\n<div class=\"fw-col-inner\">\n<div class=\"fw-text-box tf-sh-e65aab3bc050d02db32767b62ee7ac28 \">\n<div class=\"fw-text-inner\">\n<p>Bereits ein halbes Jahr nach meinem Berufseinstig als frisch gebackener Ingenieur wurde ich von meinem damaligen Arbeitgeber zum IT-Leiter bef\u00f6rdert. Dort habe ich reichlich Erfahrungen machen d\u00fcrfen, sehr viele sehr gute und auch ein paar weniger gute. 2009 bin ich dann in Kontakt mit der Lehre von Prof. Dr. Fredmund Malik gekommen und hatte die M\u00f6glichkeit an einem halbj\u00e4hrigen, systematischen F\u00fchrungskr\u00e4fte Training des Management Zentrums St. Gallen teilzunehmen. Anfang 2013 bin ich dann auf die Neurolinguistische Programmierung, kurz NLP, aufmerksam geworden. NLP ist ein Modell, das schnelles und leichtes Lernen erm\u00f6glicht. Ich habe den Master-Grad erlangt und bin Kommunikationstrainer.<\/p>\n<\/p><\/div>\n<\/div><\/div>\n<\/p><\/div>\n<\/div>\n<\/div>\n<div class=\"fw-row\">\n<div id=\"column-5ebd1b384e09e\" class=\"fw-col-sm-12 tf-sh-922165167a6c75bb53af84818ef81275\">\n<div class=\"fw-wrap-col-inner clearfix  \">\n<div class=\"fw-col-inner\">\n<div class=\"fw-divider-space space-md  clearfix\"><\/div>\n<\/p><\/div>\n<\/p><\/div>\n<\/div>\n<\/div>\n<div class=\"fw-row\">\n<div id=\"column-5ebd1b384e8b8\" class=\"fw-col-sm-8 tf-sh-b2f23112fbd58b506bc9cc6c68dc97dc  fw-animated-element\" data-animation-type=\"fadeInUp\" data-animation-delay=\"300\">\n<div class=\"fw-wrap-col-inner clearfix  \">\n<div class=\"fw-col-inner\">\n<div class=\"fw-text-box tf-sh-8ed7a92f339c16e0e13ad90b54a1fced \">\n<div class=\"fw-text-inner\">\n<p>In der letzten angestellte Position durfte ich eine komplette IT-Infrastruktur neu bauen! Ich war als Head of Global IT-Infrastructure f\u00fcr weltweit 80 Mitarbeiter auf allen Kontinenten, au\u00dfer Australien, zust\u00e4ndig. Nach Abschluss dieses Projektes war es dann auch endlich Zeit, etwas Eigenes zu machen.<\/p>\n<\/p><\/div>\n<\/div><\/div>\n<\/p><\/div>\n<\/div>\n<div id=\"column-5ebd1b384eed8\" class=\"fw-col-sm-4 tf-sh-0657d1e0fc436ae2132663b4b2394b04\">\n<div class=\"fw-wrap-col-inner clearfix  \">\n<div class=\"fw-col-inner\">\n<div class=\"text-center\">\t<a href=\"https:\/\/leben-fuehren.de\/olaf-kapinski\/olaf-online\/\" target=\"_self\" class=\"fw-btn tf-sh-45c2c90020006a4bcce79920c0094fd8  fw-btn-md   fw-btn-1\" rel=\"noopener noreferrer\"><br \/>\n\t\t<span><br \/>\n\t\t\t<i class=\"pull-left-icon fa fa-mail-forward\" style=\"font-size:12px\"><\/i>Publikationen und Interviews\t\t<\/span><br \/>\n\t<\/a>\n<\/div>\n<\/p><\/div>\n<\/p><\/div>\n<\/div>\n<\/div>\n<div class=\"fw-row\">\n<div id=\"column-5ebd1b384f62a\" class=\"fw-col-sm-12 tf-sh-922165167a6c75bb53af84818ef81275\">\n<div class=\"fw-wrap-col-inner clearfix  \">\n<div class=\"fw-col-inner\">\n<div class=\"fw-divider-space space-md  clearfix\"><\/div>\n<\/p><\/div>\n<\/p><\/div>\n<\/div>\n<\/div>\n<div class=\"fw-row\">\n<div id=\"column-5ebd1b384fc00\" class=\"fw-col-sm-12 tf-sh-e8ba3d1d870f52fb6292475bdd2a0129  fw-animated-element\" data-animation-type=\"fadeInUp\" data-animation-delay=\"300\">\n<div class=\"fw-wrap-col-inner clearfix  \">\n<div class=\"fw-col-inner\">\n<div class=\"fw-text-box tf-sh-c6d0d18e84d193f0ead1fcd46de79e2b \">\n<div class=\"fw-text-inner\">\n<p>Dieses Projekt wird gro\u00dfartig weiter entwickelt. Tragen Sie Ihre Mail-Adresse ein und ich halte Sie auf dem Laufenden:<\/p>\n<div class=\"tve-leads-shortcode tve-leads-triggered tve-tl-anim tl-anim-instant tve-leads-track-shortcode_8722\">\n<div class=\"tl-style\" id=\"tve_tcb2_blank\" data-state=\"21\" data-form-state=\"\">\n<style type=\"text\/css\" class=\"tve_custom_style\">@media (min-width: 300px){[data-css=\"tve-u-05bb7385017142\"] { background-color:var(--tcb-color-0) !important; margin: 0px !important; padding: 0px !important; }[data-css=\"tve-u-25bb738501714e\"] { max-width: 75%; }[data-css=\"tve-u-45bb7385017155\"] { max-width: 25%; }:not(#tve) [data-css=\"tve-u-55bb7385017159\"] button { margin: 10px !important; padding: 10px !important; background-color:var(--tcb-color-1) !important; }:not(#tve) [data-css=\"tve-u-35bb7385017152\"] input { margin: 10px !important; padding: 10px !important; background-color: rgb(255, 255, 255) !important; }[data-css=\"tve-u-15bb738501714a\"] { padding: 10px !important; }:not(#tve) [data-css=\"tve-u-55bb7385017159\"]:hover button { background-color:var(--tcb-color-4) !important; }}<\/style>\n<style type=\"text\/css\" class=\"tve_user_custom_style\">.tve-leads-conversion-object .thrv_heading h1,.tve-leads-conversion-object .thrv_heading h2,.tve-leads-conversion-object .thrv_heading h3{margin:0;padding:0}.tve-leads-conversion-object .thrv_text_element p,.tve-leads-conversion-object .thrv_text_element h1,.tve-leads-conversion-object .thrv_text_element h2,.tve-leads-conversion-object .thrv_text_element h3{margin:0}<\/style>\n<style type=\"text\/css\" class=\"tve_global_style\"><\/style>\n<div class=\"tve-leads-conversion-object\" data-tl-type=\"shortcode_8722\">\n<div class=\"tve_flt\">\n<div id=\"tve_editor\" class=\"tve_shortcode_editor\">\n<div class=\"thrv-leads-form-box tve_no_drag tve_no_icons thrv_wrapper tve_editor_main_content thrv-leads-in-content tve_empty_dropzone\" data-css=\"tve-u-05bb7385017142\">\n<div class=\"thrv_wrapper thrv_lead_generation\" data-connection=\"api\" data-css=\"tve-u-15bb738501714a\"><input type=\"hidden\"\/><\/p>\n<div class=\"thrv_lead_generation_container tve_clearfix\">\n<form action=\"#\" method=\"post\">\n<div class=\"tve_lead_generated_inputs_container tve_clearfix tve_empty_dropzone\">\n<div class=\"thrv_wrapper thrv-columns\">\n<div class=\"tcb-flex-row tcb--cols--2 tcb-resized\">\n<div class=\"tcb-flex-col\" data-css=\"tve-u-25bb738501714e\">\n<div class=\"tcb-col\">\n<div class=\"tve_lg_input_container tve_lg_input\" data-css=\"tve-u-35bb7385017152\"><input name=\"email\" placeholder=\"Email\" data-placeholder=\"Email\" type=\"email\"\/><\/div>\n<\/div>\n<\/div>\n<div class=\"tcb-flex-col\" data-css=\"tve-u-45bb7385017155\">\n<div class=\"tcb-col\">\n<div class=\"tve_lg_input_container tve_submit_container tve_lg_submit\" data-css=\"tve-u-55bb7385017159\"><button type=\"submit\" class=\"tve-froala\">DRANBLEIBEN<\/button><\/div>\n<\/div>\n<\/div>\n<\/div>\n<\/div>\n<\/div>\n<p><input name=\"_submit_option\" type=\"hidden\"\/><input name=\"_back_url\" type=\"hidden\"\/><input name=\"_autofill\" type=\"hidden\"\/><input name=\"__tcb_lg_fc\" type=\"hidden\"\/><input name=\"activecampaign_form\" type=\"hidden\"\/><input name=\"activecampaign_tags\" type=\"hidden\"\/><\/form>\n<\/div>\n<\/div>\n<\/div>\n<\/div>\n<\/div>\n<\/div>\n<\/div>\n<\/div>\n<p style=\"text-align: center;color: #7f7f7f;font-size: 14px;font-weight: 200\">Hinweise zum Anmeldeverfahren, Versanddienstleister, statistischer Auswertung und Widerruf finden Sie in der <a style=\"color: #888888\" href=\"https:\/\/leben-fuehren.de\/datenschutzerklaerung\/\">Datenschutzerkl\u00e4rung<\/a>.<\/p>\n<p>Ihr OLAF KAPINSKI <i class=\"fa fa-smile-o\" aria-hidden=\"true\"><\/i><\/p>\n<\/p><\/div>\n<\/div><\/div>\n<\/p><\/div>\n<\/div>\n<\/div>\n<div class=\"fw-row\">\n<div id=\"column-5ebd1b3852535\" class=\"fw-col-sm-12 tf-sh-922165167a6c75bb53af84818ef81275\">\n<div class=\"fw-wrap-col-inner clearfix  \">\n<div class=\"fw-col-inner\">\n<div class=\"fw-divider-space  fw-custom-space  clearfix\" style=\"height:100px\"><\/div>\n<\/p><\/div>\n<\/p><\/div>\n<\/div>\n<\/div><\/div>\n<\/section>\n<p><!-- 7082f755b453990b89c276bdf2c4269a --><\/p>\n","protected":false},"excerpt":{"rendered":"<p>OLAF KAPINSKI Lassen Sie mich Ihnen kurz vorstellen, damit Sie eine Idee bekommen, mit wem Sie es hier zu tun haben:Ich bin OLAF KAPINSKI, IT-Ingenieur, Unternehmer und F\u00fchrungskraft aus Leidenschaft. Ich war siebzehn Jahre aktive F\u00fchrungskraft, zuletzt f\u00fchrte ich Teams und Mitarbeiter in Europa, Asien und Nordamerika.Um die F\u00fchrung von Menschen, um das gemeinsame Erreichen [&hellip;]<\/p>\n","protected":false},"author":4,"featured_media":1002,"parent":0,"menu_order":0,"comment_status":"closed","ping_status":"closed","template":"visual-builder-template.php","meta":{"footnotes":""},"class_list":["post-463","page","type-page","status-publish","has-post-thumbnail","hentry"],"_links":{"self":[{"href":"https:\/\/leben-fuehren.de\/r3\/wp-json\/wp\/v2\/pages\/463","targetHints":{"allow":["GET"]}}],"collection":[{"href":"https:\/\/leben-fuehren.de\/r3\/wp-json\/wp\/v2\/pages"}],"about":[{"href":"https:\/\/leben-fuehren.de\/r3\/wp-json\/wp\/v2\/types\/page"}],"author":[{"embeddable":true,"href":"https:\/\/leben-fuehren.de\/r3\/wp-json\/wp\/v2\/users\/4"}],"replies":[{"embeddable":true,"href":"https:\/\/leben-fuehren.de\/r3\/wp-json\/wp\/v2\/comments?post=463"}],"version-history":[{"count":0,"href":"https:\/\/leben-fuehren.de\/r3\/wp-json\/wp\/v2\/pages\/463\/revisions"}],"wp:featuredmedia":[{"embeddable":true,"href":"https:\/\/leben-fuehren.de\/r3\/wp-json\/wp\/v2\/media\/1002"}],"wp:attachment":[{"href":"https:\/\/leben-fuehren.de\/r3\/wp-json\/wp\/v2\/media?parent=463"}],"curies":[{"name":"wp","href":"https:\/\/api.w.org\/{rel}","templated":true}]}}