{"id":2739,"date":"2016-04-03T12:47:33","date_gmt":"2016-04-03T10:47:33","guid":{"rendered":"http:\/\/leben-fuehren.de\/?page_id=2739"},"modified":"2019-06-12T14:22:27","modified_gmt":"2019-06-12T12:22:27","slug":"one-on-ones-htri3b2ds","status":"publish","type":"page","link":"https:\/\/leben-fuehren.de\/r3\/leaderscommunity\/one-on-ones-htri3b2ds\/","title":{"rendered":"One on Ones"},"content":{"rendered":"<section data-parallax-background-speed=\"10\" class=\"fw-main-row-custom fw-main-row-top fw-section-no-padding fw-content-overlay-lg fw_theme_bg_fw-custom fw-section-image fw-section-height-custom  parallax-section fw-section-position-back tf-sh-b07489832313c9dac37bb50b33ac7c72\" style=\"background-image:url(https:\/\/leben-fuehren.de\/wp-content\/uploads\/Header-Welcome.jpg);height: 300px\">\n<div class=\"fw-main-row-overlay\" style=\"background-color: #ffffff\"><\/div>\n<div class=\"fw-container-fluid\">\n\t\t\t<\/div>\n<\/section>\n<section class=\"fw-main-row-custom  auto  fw-section-position-back tf-sh-634b2140f9e687aace6fbfe8456f93c6\">\n<div class=\"fw-container\" style=\"background-color:#1a1a1a\">\n<div class=\"fw-row\">\n<div id=\"column-5d00ee83b3b06\" class=\"fw-col-sm-12 tf-sh-091777083cf059279c98211a129e07e3\">\n<div class=\"fw-wrap-col-inner clearfix  \">\n<div class=\"fw-col-inner\">\n<div class=\"fw-text-box tf-sh-9848fab080044ef482a75178d7086857 \">\n<div class=\"fw-text-inner\">\n<h3>Hier das LEBEN-F\u00dcHREN Spezial: One on Ones<\/h3>\n<\/p><\/div>\n<\/div>\n<div class=\"fw-divider-space space-md  clearfix\"><\/div>\n<\/p><\/div>\n<\/p><\/div>\n<\/div>\n<\/div>\n<div class=\"fw-row\">\n<div id=\"column-5d00ee83b4bd2\" class=\"fw-col-sm-4 tf-sh-cb282340bc7a1781f39c108b4447d658\">\n<div class=\"fw-wrap-col-inner clearfix  \">\n<div class=\"fw-col-inner\">\n<div class=\"fw-text-box tf-sh-cbf90deadc68eea036dc6a02766f04f7 \">\n<div class=\"fw-text-inner\">\n<p>Und hier die erw\u00e4hnte Vorlage zur Dokumentation der One on Ones:<\/p>\n<\/p><\/div>\n<\/div><\/div>\n<\/p><\/div>\n<\/div>\n<div id=\"column-5d00ee83b52a8\" class=\"fw-col-sm-2 tf-sh-77dcc1a7fc328a32d30848d4829b30c0\">\n<div class=\"fw-wrap-col-inner clearfix  \">\n<div class=\"fw-col-inner\">\n<div class=\"fw-text-box tf-sh-57b52335b08bf3048bce37bd6438d948 \">\n<div class=\"fw-text-inner\">\n<p><a href=\"https:\/\/leben-fuehren.de\/wp-content\/uploads\/1o1-Notizen.xlsx\" rel=\"attachment wp-att-2749\"><img decoding=\"async\" class=\"size-full wp-image-2749 aligncenter\" src=\"https:\/\/leben-fuehren.de\/wp-content\/uploads\/Excel-icon-64.png\" alt=\"Excel-icon-64\" width=\"64\" height=\"64\" \/><\/a><\/p>\n<\/p><\/div>\n<\/div><\/div>\n<\/p><\/div>\n<\/div>\n<div id=\"column-5d00ee83b5980\" class=\"fw-col-sm-6 tf-sh-6985819b18bc9746ce47b82dc98e2303\">\n<div class=\"fw-wrap-col-inner clearfix  \">\n<div class=\"fw-col-inner\">\n<div class=\"fw-iconbox clearfix tf-sh-c9cbe18e593cac0d7b247952a73168cc fw-iconbox-4 fw-icon-top fw-iconbox-image-type   \">\n<div class=\"fw-iconbox-image \">\n\t\t\t\t\t\t\t\t\t<img decoding=\"async\" src=\"\/\/leben-fuehren.de\/wp-content\/uploads\/LF-S6-V1-150.jpg\" alt=\"\" \/>\n\t\t\t\t\t\t<\/div>\n<div class=\"fw-iconbox-aside\">\n<div class=\"fw-iconbox-text\">\n<div>\n<div class=\"powerpress_player\" id=\"powerpress_player_8041\">\n<div class=\"fw-wrap-boxed-media fw-wp-audio-shortcode\"><!--[if lt IE 9]&gt;&lt;![endif]--><br \/>\n<audio class=\"wp-audio-shortcode\" id=\"audio-2739-1\" preload=\"none\" style=\"width: 100%\" controls=\"controls\"><a href=\"https:\/\/media.blubrry.com\/lebenfuehren\/p\/leben-fuehren.de\/cast\/1o1-v11.m4a\">https:\/\/media.blubrry.com\/lebenfuehren\/p\/leben-fuehren.de\/cast\/1o1-v11.m4a<\/a><\/audio><\/div>\n<\/div>\n<\/div>\n<\/p><\/div>\n<\/p><\/div>\n<\/div><\/div>\n<\/p><\/div>\n<\/div>\n<\/div>\n<div class=\"fw-row\">\n<div id=\"column-5d00ee83b6caf\" class=\"fw-col-sm-12 tf-sh-3b1c3dbeafec9cdf85c88ee72d9b68cd\">\n<div class=\"fw-wrap-col-inner clearfix  \">\n<div class=\"fw-col-inner\">\n<div class=\"fw-divider-space  fw-custom-space  clearfix\" style=\"height:100px\"><\/div>\n<div class=\"fw-heading fw-heading-left  tf-sh-1e0fcb77d4ac573f1141b281732f1382\">\n<h3 class=\"fw-special-title\">Episoden zum Thema<\/h3>\n<\/p><\/div>\n<div class=\"fw-shortcode-latest-posts postlist clearfix fw-row postlist-grid postlist-grid-cols3   fw-portfolio-cols-3 fw-portfolio-masonry-off tf-sh-3addc210f2ef3ed69f26f0980ff6c7c4 fw-letter-no-caps\" id=\"postlist-grid3\" data-blog-type=\"blog-1\" data-posts-per-page=\"30\" data-category=\"57\" data-page=\"2\" data-max-pages=\"1\" data-blog-view=\"grid\" data-columns=\"fw-portfolio-cols-3\" data-extra=''>\n<div class=\"fw-col-md-4 fw-col-sm-6 postlist-col\">\n<article id=\"post-9563\" class=\"post clearfix post-list-type-1 post-9563 type-post status-publish format-standard has-post-thumbnail hentry category-one-on-one category-podcast\">\n<div class=\"fw-post-image fw-block-image-parent    fw-overlay-1\">\n\t\t\t<a href=\"https:\/\/leben-fuehren.de\/betriebsrat-verbietet-one-on-one\/\" class=\"post-thumbnail fw-block-image-child fw-ratio-16-9 fw-ratio-container\"><br \/>\n\t\t\t\t<img decoding=\"async\" src=\"https:\/\/leben-fuehren.de\/wp-content\/uploads\/people-1492052_640.jpg\" alt=\"238 Betriebsrat verbietet one on ones Beitragsbild\" data-maxdpr=\"1.7\" class=\"attachment-post-thumbnail lazyload\" \/>\t\t\t\t<\/p>\n<div class=\"fw-block-image-overlay\">\n<div class=\"fw-itable\">\n<div class=\"fw-icell\">\n\t\t\t\t\t\t\t<i class=\"fw-icon-link\"><\/i>\n\t\t\t\t\t\t<\/div>\n<\/p><\/div>\n<\/p><\/div>\n<p>\t\t\t<\/a>\n\t\t<\/div>\n<header class=\"entry-header\">\n<div class=\"wrap-entry-meta\">\n<p>\t\t\t\t\t\t\t\t\t<span class=\"entry-date\"><br \/>\n\t\t\t\t\t\t<a rel=\"bookmark\" href=\"https:\/\/leben-fuehren.de\/betriebsrat-verbietet-one-on-one\/\"><br \/>\n\t\t\t\t\t\t\t6. Mai 2019<\/p>\n<p>\t\t\t\t\t\t<\/a><br \/>\n\t\t\t\t\t<\/span>\n\t\t\t\t\t\t\t\t\t\t\t\t\t\t\t<\/div>\n<h4 class=\"entry-title\">\n\t\t\t\t\t\t<a href=\"https:\/\/leben-fuehren.de\/betriebsrat-verbietet-one-on-one\/\">238 Betriebsrat verbietet One on One<\/a><br \/>\n\t\t<\/h4>\n<\/header>\n<div class=\"entry-content clearfix\">\n<div>\n<div class=\"powerpress_player\" id=\"powerpress_player_8042\">\n<div class=\"fw-wrap-boxed-media fw-wp-audio-shortcode\"><audio class=\"wp-audio-shortcode\" id=\"audio-9563-2\" preload=\"none\" style=\"width: 100%\" controls=\"controls\"><a href=\"https:\/\/media.blubrry.com\/lebenfuehren\/p\/leben-fuehren.de\/cast\/LF238.m4a\">https:\/\/media.blubrry.com\/lebenfuehren\/p\/leben-fuehren.de\/cast\/LF238.m4a<\/a><\/audio><\/div>\n<\/div>\n<\/div>\n<p class=\"powerpress_links powerpress_links_m4a\">Podcast: <a href=\"https:\/\/media.blubrry.com\/lebenfuehren\/s\/leben-fuehren.de\/cast\/LF238.m4a\" class=\"powerpress_link_d\" title=\"Download\" rel=\"nofollow\">Download<\/a> (Duration: 26:19 &#8212; 15.5MB)<\/p>\n<p>K\u00f6nnen Sie sich einen Betriebsrat vorstellen, der One on Ones verbietet? Die Hintergr\u00fcnde zur Geschichte und was Sie in diesem Fall tun sollten, h\u00f6ren Sie hier!<\/p>\n<footer class=\"entry-meta clearfix\">\n\t\t\t\t\t<a href=\"https:\/\/leben-fuehren.de\/betriebsrat-verbietet-one-on-one\/\" class=\"fw-btn-post-read-more-blog fw-btn fw-btn-sm fw-btn-2\"><br \/>\n\t\t\t<span><br \/>\n\t\t\t\t\t\t\t\t\tzur Episode\t\t\t\t\t\t\t<\/span><br \/>\n\t\t<\/a><br \/>\n\t\t\t\t\t\t<\/footer>\n<\/p><\/div>\n<\/article>\n<\/div>\n<div class=\"fw-col-md-4 fw-col-sm-6 postlist-col\">\n<article id=\"post-8982\" class=\"post clearfix post-list-type-1 post-8982 type-post status-publish format-standard has-post-thumbnail hentry category-one-on-one category-podcast\">\n<div class=\"fw-post-image fw-block-image-parent    fw-overlay-1\">\n\t\t\t<a href=\"https:\/\/leben-fuehren.de\/sind-fuehrungskraefte-konfliktscheu\/\" class=\"post-thumbnail fw-block-image-child fw-ratio-16-9 fw-ratio-container\"><br \/>\n\t\t\t\t<img decoding=\"async\" src=\"https:\/\/leben-fuehren.de\/wp-content\/uploads\/papers-3819540_640.jpg\" alt=\"LF 217 &#8211; Konfliktscheu small\" data-maxdpr=\"1.7\" class=\"attachment-post-thumbnail lazyload\" \/>\t\t\t\t<\/p>\n<div class=\"fw-block-image-overlay\">\n<div class=\"fw-itable\">\n<div class=\"fw-icell\">\n\t\t\t\t\t\t\t<i class=\"fw-icon-link\"><\/i>\n\t\t\t\t\t\t<\/div>\n<\/p><\/div>\n<\/p><\/div>\n<p>\t\t\t<\/a>\n\t\t<\/div>\n<header class=\"entry-header\">\n<div class=\"wrap-entry-meta\">\n<p>\t\t\t\t\t\t\t\t\t<span class=\"entry-date\"><br \/>\n\t\t\t\t\t\t<a rel=\"bookmark\" href=\"https:\/\/leben-fuehren.de\/sind-fuehrungskraefte-konfliktscheu\/\"><br \/>\n\t\t\t\t\t\t\t26. November 2018<\/p>\n<p>\t\t\t\t\t\t<\/a><br \/>\n\t\t\t\t\t<\/span>\n\t\t\t\t\t\t\t\t\t\t\t\t\t\t\t<\/div>\n<h4 class=\"entry-title\">\n\t\t\t\t\t\t<a href=\"https:\/\/leben-fuehren.de\/sind-fuehrungskraefte-konfliktscheu\/\">217 F\u00fchrungskr\u00e4fte sind Konfliktscheu!<\/a><br \/>\n\t\t<\/h4>\n<\/header>\n<div class=\"entry-content clearfix\">\n<div>\n<div class=\"powerpress_player\" id=\"powerpress_player_8043\">\n<div class=\"fw-wrap-boxed-media fw-wp-audio-shortcode\"><audio class=\"wp-audio-shortcode\" id=\"audio-8982-3\" preload=\"none\" style=\"width: 100%\" controls=\"controls\"><a href=\"https:\/\/media.blubrry.com\/lebenfuehren\/p\/leben-fuehren.de\/cast\/LF217.m4a\">https:\/\/media.blubrry.com\/lebenfuehren\/p\/leben-fuehren.de\/cast\/LF217.m4a<\/a><\/audio><\/div>\n<\/div>\n<\/div>\n<p class=\"powerpress_links powerpress_links_m4a\">Podcast: <a href=\"https:\/\/media.blubrry.com\/lebenfuehren\/s\/leben-fuehren.de\/cast\/LF217.m4a\" class=\"powerpress_link_d\" title=\"Download\" rel=\"nofollow\">Download<\/a> (Duration: 36:48 &#8212; 21.6MB)<\/p>\n<p>Willkommen zu einer neuen Episode im LEBEN-F\u00dcHREN Podcast. Heute geht es darum, warum F\u00fchrungskr\u00e4fte konfliktscheu sind.<\/p>\n<footer class=\"entry-meta clearfix\">\n\t\t\t\t\t<a href=\"https:\/\/leben-fuehren.de\/sind-fuehrungskraefte-konfliktscheu\/\" class=\"fw-btn-post-read-more-blog fw-btn fw-btn-sm fw-btn-2\"><br \/>\n\t\t\t<span><br \/>\n\t\t\t\t\t\t\t\t\tzur Episode\t\t\t\t\t\t\t<\/span><br \/>\n\t\t<\/a><br \/>\n\t\t\t\t\t\t<\/footer>\n<\/p><\/div>\n<\/article>\n<\/div>\n<div class=\"fw-col-md-4 fw-col-sm-6 postlist-col\">\n<article id=\"post-7199\" class=\"post clearfix post-list-type-1 post-7199 type-post status-publish format-standard has-post-thumbnail hentry category-one-on-one category-podcast\">\n<div class=\"fw-post-image fw-block-image-parent    fw-overlay-1\">\n\t\t\t<a href=\"https:\/\/leben-fuehren.de\/ich-mache-keine-one-on-ones\/\" class=\"post-thumbnail fw-block-image-child fw-ratio-16-9 fw-ratio-container\"><br \/>\n\t\t\t\t<img decoding=\"async\" src=\"https:\/\/leben-fuehren.de\/wp-content\/uploads\/trust-3031679_1920.jpg\" alt=\"lf 189\" data-maxdpr=\"1.7\" class=\"attachment-post-thumbnail lazyload\" \/>\t\t\t\t<\/p>\n<div class=\"fw-block-image-overlay\">\n<div class=\"fw-itable\">\n<div class=\"fw-icell\">\n\t\t\t\t\t\t\t<i class=\"fw-icon-link\"><\/i>\n\t\t\t\t\t\t<\/div>\n<\/p><\/div>\n<\/p><\/div>\n<p>\t\t\t<\/a>\n\t\t<\/div>\n<header class=\"entry-header\">\n<div class=\"wrap-entry-meta\">\n<p>\t\t\t\t\t\t\t\t\t<span class=\"entry-date\"><br \/>\n\t\t\t\t\t\t<a rel=\"bookmark\" href=\"https:\/\/leben-fuehren.de\/ich-mache-keine-one-on-ones\/\"><br \/>\n\t\t\t\t\t\t\t23. April 2018<\/p>\n<p>\t\t\t\t\t\t<\/a><br \/>\n\t\t\t\t\t<\/span>\n\t\t\t\t\t\t\t\t\t\t\t\t\t\t\t<\/div>\n<h4 class=\"entry-title\">\n\t\t\t\t\t\t<a href=\"https:\/\/leben-fuehren.de\/ich-mache-keine-one-on-ones\/\">190 &#8222;Ich mache keine One on Ones&#8220;<\/a><br \/>\n\t\t<\/h4>\n<\/header>\n<div class=\"entry-content clearfix\">\n<div>\n<div class=\"powerpress_player\" id=\"powerpress_player_8044\">\n<div class=\"fw-wrap-boxed-media fw-wp-audio-shortcode\"><audio class=\"wp-audio-shortcode\" id=\"audio-7199-4\" preload=\"none\" style=\"width: 100%\" controls=\"controls\"><a href=\"https:\/\/media.blubrry.com\/lebenfuehren\/p\/leben-fuehren.de\/cast\/LF190.m4a\">https:\/\/media.blubrry.com\/lebenfuehren\/p\/leben-fuehren.de\/cast\/LF190.m4a<\/a><\/audio><\/div>\n<\/div>\n<\/div>\n<p class=\"powerpress_links powerpress_links_m4a\">Podcast: <a href=\"https:\/\/media.blubrry.com\/lebenfuehren\/s\/leben-fuehren.de\/cast\/LF190.m4a\" class=\"powerpress_link_d\" title=\"Download\" rel=\"nofollow\">Download<\/a> (Duration: 15:50 &#8212; 9.8MB)<\/p>\n<p>Eine erfolgreiche gestandene F\u00fchrungskraft hat mir gesagt: Ich mach keine One on Ones. Da war ich nat\u00fcrlich verwundert bis schockiert. Wie jetzt? Sie machen keine One on Ones?<\/p>\n<footer class=\"entry-meta clearfix\">\n\t\t\t\t\t<a href=\"https:\/\/leben-fuehren.de\/ich-mache-keine-one-on-ones\/\" class=\"fw-btn-post-read-more-blog fw-btn fw-btn-sm fw-btn-2\"><br \/>\n\t\t\t<span><br \/>\n\t\t\t\t\t\t\t\t\tzur Episode\t\t\t\t\t\t\t<\/span><br \/>\n\t\t<\/a><br \/>\n\t\t\t\t\t\t<\/footer>\n<\/p><\/div>\n<\/article>\n<\/div>\n<div class=\"fw-col-md-4 fw-col-sm-6 postlist-col\">\n<article id=\"post-2719\" class=\"post clearfix post-list-type-1 post-2719 type-post status-publish format-standard has-post-thumbnail hentry category-one-on-one category-podcast\">\n<div class=\"fw-post-image fw-block-image-parent    fw-overlay-1\">\n\t\t\t<a href=\"https:\/\/leben-fuehren.de\/one-on-one\/\" class=\"post-thumbnail fw-block-image-child fw-ratio-16-9 fw-ratio-container\"><br \/>\n\t\t\t\t<img decoding=\"async\" src=\"https:\/\/leben-fuehren.de\/wp-content\/uploads\/1o1.jpg\" alt=\"One on One\" data-maxdpr=\"1.7\" class=\"attachment-post-thumbnail lazyload\" \/>\t\t\t\t<\/p>\n<div class=\"fw-block-image-overlay\">\n<div class=\"fw-itable\">\n<div class=\"fw-icell\">\n\t\t\t\t\t\t\t<i class=\"fw-icon-link\"><\/i>\n\t\t\t\t\t\t<\/div>\n<\/p><\/div>\n<\/p><\/div>\n<p>\t\t\t<\/a>\n\t\t<\/div>\n<header class=\"entry-header\">\n<div class=\"wrap-entry-meta\">\n<p>\t\t\t\t\t\t\t\t\t<span class=\"entry-date\"><br \/>\n\t\t\t\t\t\t<a rel=\"bookmark\" href=\"https:\/\/leben-fuehren.de\/one-on-one\/\"><br \/>\n\t\t\t\t\t\t\t4. April 2016<\/p>\n<p>\t\t\t\t\t\t<\/a><br \/>\n\t\t\t\t\t<\/span>\n\t\t\t\t\t\t\t\t\t\t\t\t\t\t\t<\/div>\n<h4 class=\"entry-title\">\n\t\t\t\t\t\t<a href=\"https:\/\/leben-fuehren.de\/one-on-one\/\">80-One on One<\/a><br \/>\n\t\t<\/h4>\n<\/header>\n<div class=\"entry-content clearfix\">\n<div>\n<div class=\"powerpress_player\" id=\"powerpress_player_8045\">\n<div class=\"fw-wrap-boxed-media fw-wp-audio-shortcode\"><audio class=\"wp-audio-shortcode\" id=\"audio-2719-5\" preload=\"none\" style=\"width: 100%\" controls=\"controls\"><a href=\"https:\/\/media.blubrry.com\/lebenfuehren\/p\/leben-fuehren.de\/cast\/LF080.mp3\">https:\/\/media.blubrry.com\/lebenfuehren\/p\/leben-fuehren.de\/cast\/LF080.mp3<\/a><\/audio><\/div>\n<\/div>\n<\/div>\n<p class=\"powerpress_links powerpress_links_mp3\">Podcast: <a href=\"https:\/\/media.blubrry.com\/lebenfuehren\/s\/leben-fuehren.de\/cast\/LF080.mp3\" class=\"powerpress_link_d\" title=\"Download\" rel=\"nofollow\">Download<\/a> (Duration: 16:14 &#8212; 22.5MB)<\/p>\n<p>Heute geht es um ein Riesenthema: One on One.<\/p>\n<footer class=\"entry-meta clearfix\">\n\t\t\t\t\t<a href=\"https:\/\/leben-fuehren.de\/one-on-one\/\" class=\"fw-btn-post-read-more-blog fw-btn fw-btn-sm fw-btn-2\"><br \/>\n\t\t\t<span><br \/>\n\t\t\t\t\t\t\t\t\tzur Episode\t\t\t\t\t\t\t<\/span><br \/>\n\t\t<\/a><br \/>\n\t\t\t\t\t\t<\/footer>\n<\/p><\/div>\n<\/article>\n<\/div><\/div>\n<div class=\"fw-text-box tf-sh-7096a0d15667e8b6d0dff60041598db0 \">\n<div class=\"fw-text-inner\">\n<p style=\"text-align: right\">Version 1.2, Februar 2019<\/p>\n<\/p><\/div>\n<\/div><\/div>\n<\/p><\/div>\n<\/div>\n<\/div><\/div>\n<\/section>\n<section class=\"fw-main-row-custom  fw-section-height-custom  fw-section-position-back tf-sh-efccc99c367cd3ff88d1d1197b7b75ef\" style=\"height: 100px\">\n<div class=\"fw-container\">\n\t\t\t<\/div>\n<\/section>\n<p><!-- 597e0114bac21aaadb470cea441f8000 --><\/p>\n","protected":false},"excerpt":{"rendered":"<p>Hier das LEBEN-F\u00dcHREN Spezial: One on Ones Und hier die erw\u00e4hnte Vorlage zur Dokumentation der One on Ones: https:\/\/media.blubrry.com\/lebenfuehren\/p\/leben-fuehren.de\/cast\/1o1-v11.m4a Episoden zum Thema 6. Mai 2019 238 Betriebsrat verbietet One on One https:\/\/media.blubrry.com\/lebenfuehren\/p\/leben-fuehren.de\/cast\/LF238.m4a Podcast: Download (Duration: 26:19 &#8212; 15.5MB) K\u00f6nnen Sie sich einen Betriebsrat vorstellen, der One on Ones verbietet? Die Hintergr\u00fcnde zur Geschichte und was [&hellip;]<\/p>\n","protected":false},"author":2,"featured_media":2740,"parent":3275,"menu_order":0,"comment_status":"closed","ping_status":"closed","template":"visual-builder-template.php","meta":{"footnotes":""},"class_list":["post-2739","page","type-page","status-publish","has-post-thumbnail","hentry"],"_links":{"self":[{"href":"https:\/\/leben-fuehren.de\/r3\/wp-json\/wp\/v2\/pages\/2739","targetHints":{"allow":["GET"]}}],"collection":[{"href":"https:\/\/leben-fuehren.de\/r3\/wp-json\/wp\/v2\/pages"}],"about":[{"href":"https:\/\/leben-fuehren.de\/r3\/wp-json\/wp\/v2\/types\/page"}],"author":[{"embeddable":true,"href":"https:\/\/leben-fuehren.de\/r3\/wp-json\/wp\/v2\/users\/2"}],"replies":[{"embeddable":true,"href":"https:\/\/leben-fuehren.de\/r3\/wp-json\/wp\/v2\/comments?post=2739"}],"version-history":[{"count":0,"href":"https:\/\/leben-fuehren.de\/r3\/wp-json\/wp\/v2\/pages\/2739\/revisions"}],"up":[{"embeddable":true,"href":"https:\/\/leben-fuehren.de\/r3\/wp-json\/wp\/v2\/pages\/3275"}],"wp:featuredmedia":[{"embeddable":true,"href":"https:\/\/leben-fuehren.de\/r3\/wp-json\/wp\/v2\/media\/2740"}],"wp:attachment":[{"href":"https:\/\/leben-fuehren.de\/r3\/wp-json\/wp\/v2\/media?parent=2739"}],"curies":[{"name":"wp","href":"https:\/\/api.w.org\/{rel}","templated":true}]}}