{"id":22,"date":"2014-10-04T20:52:58","date_gmt":"2014-10-04T19:52:58","guid":{"rendered":"http:\/\/leben-fuehren.de\/?page_id=22"},"modified":"2019-12-07T14:40:55","modified_gmt":"2019-12-07T13:40:55","slug":"impressum","status":"publish","type":"page","link":"https:\/\/leben-fuehren.de\/r3\/impressum\/","title":{"rendered":"Impressum"},"content":{"rendered":"<section class=\"fw-main-row  auto  fw-section-position-back\">\n<div class=\"fw-container\">\n<div class=\"fw-row\">\n<div id=\"column-5debabe7c307e\" class=\"fw-col-sm-12 tf-sh-d291c96704d7bc286a9e8a281a62eb67\">\n<div class=\"fw-wrap-col-inner clearfix  \">\n<div class=\"fw-col-inner\">\n<div class=\"fw-text-box tf-sh-2d0307f8f15b28e0925c60021dea2358 \">\n<div class=\"fw-text-inner\">\n<p>Dieses Impressum gilt f\u00fcr die Seiten leben-fuehren.de,\u00a0 autocademy.de sowie f\u00fcr unsere Seiten auf Facebook, LinkedIn, Twitter, Xing, YouTube.<\/p>\n<p><strong>Verantwortlich f\u00fcr den Inhalt nach \u00a7 55 Abs. 2 RStV und Angaben gem\u00e4\u00df \u00a7 5 TMG<\/strong><\/p>\n<p>Small Business Elements KFT<br \/>Fischer Istv\u00e1n utca 144<br \/>1141 Budapest<\/p>\n<p><strong>Umsatzsteuer<\/strong><br \/>Umsatzsteuer-Identifikationsnummer gem\u00e4\u00df \u00a727 a Umsatzsteuergesetz: HU27061826-2-42<\/p>\n<p><strong>Kontakt<\/strong><br \/>Telefon: +49 172 9351826<br \/>E-Mail: contact@small-business-elements.com<\/p>\n<p><strong>Quellenangaben f\u00fcr die verwendeten Bilder und Grafiken:<\/strong><br \/>shutterstock.com<br \/>bigstockphoto.com<br \/>pixabay.com (ausschlie\u00dflich <a href=\"https:\/\/creativecommons.org\/publicdomain\/zero\/1.0\/deed.de\">CC0 Public Domain<\/a>)<br \/>wikimedia.org (ausschlie\u00dflich <a href=\"https:\/\/creativecommons.org\/publicdomain\/zero\/1.0\/deed.de\">CC0 Public Domain<\/a>)<br \/>unsplash.com (ausschlie\u00dflich <a href=\"https:\/\/creativecommons.org\/publicdomain\/zero\/1.0\/deed.de\">CC0 Public Domain<\/a>)<br \/>Small Business Elements KFT<\/p>\n<p><strong>Haftung f\u00fcr Inhalte<\/strong><br \/>Als Diensteanbieter sind wir gem\u00e4\u00df \u00a7 7 Abs.1 TMG f\u00fcr eigene Inhalte auf diesen Seiten nach den allgemeinen Gesetzen verantwortlich. Nach \u00a7\u00a7 8 bis 10 TMG sind wir als Diensteanbieter jedoch nicht verpflichtet, \u00fcbermittelte oder gespeicherte fremde Informationen zu \u00fcberwachen oder nach Umst\u00e4nden zu forschen, die auf eine rechtswidrige T\u00e4tigkeit hinweisen. Verpflichtungen zur Entfernung oder Sperrung der Nutzung von Informationen nach den allgemeinen Gesetzen bleiben hiervon unber\u00fchrt. Eine diesbez\u00fcgliche Haftung ist jedoch erst ab dem Zeitpunkt der Kenntnis einer konkreten Rechtsverletzung m\u00f6glich. Bei Bekanntwerden von entsprechenden Rechtsverletzungen werden wir diese Inhalte umgehend entfernen.<\/p>\n<p><strong>Haftung f\u00fcr Links<\/strong><br \/>Unser Angebot enth\u00e4lt Links zu externen Webseiten Dritter, auf deren Inhalte wir keinen Einfluss haben. Deshalb k\u00f6nnen wir f\u00fcr diese fremden Inhalte auch keine Gew\u00e4hr \u00fcbernehmen. F\u00fcr die Inhalte der verlinkten Seiten ist stets der jeweilige Anbieter oder Betreiber der Seiten verantwortlich. Die verlinkten Seiten wurden zum Zeitpunkt der Verlinkung auf m\u00f6gliche Rechtsverst\u00f6\u00dfe \u00fcberpr\u00fcft. Rechtswidrige Inhalte waren zum Zeitpunkt der Verlinkung nicht erkennbar. Eine permanente inhaltliche Kontrolle der verlinkten Seiten ist jedoch ohne konkrete Anhaltspunkte einer Rechtsverletzung nicht zumutbar. Bei Bekanntwerden von Rechtsverletzungen werden wir derartige Links umgehend entfernen.<\/p>\n<p><strong>Urheberrecht<\/strong><br \/>Die durch die Seitenbetreiber erstellten Inhalte und Werke auf diesen Seiten unterliegen dem deutschen Urheberrecht. Die Vervielf\u00e4ltigung, Bearbeitung, Verbreitung und jede Art der Verwertung au\u00dferhalb der Grenzen des Urheberrechtes bed\u00fcrfen der schriftlichen Zustimmung des jeweiligen Autors bzw. Erstellers. Downloads und Kopien dieser Seite sind nur f\u00fcr den privaten, nicht kommerziellen Gebrauch gestattet. Soweit die Inhalte auf dieser Seite nicht vom Betreiber erstellt wurden, werden die Urheberrechte Dritter beachtet. Insbesondere werden Inhalte Dritter als solche gekennzeichnet. Sollten Sie trotzdem auf eine Urheberrechtsverletzung aufmerksam werden, bitten wir um einen entsprechenden Hinweis. Bei Bekanntwerden von Rechtsverletzungen werden wir derartige Inhalte umgehend entfernen.<\/p>\n<p>Quelle: <em><a href=\"https:\/\/www.e-recht24.de\/impressum-generator.html\" target=\"_blank\" rel=\"noopener noreferrer\">http:\/\/www.e-recht24.de<\/a><\/em><\/p>\n<\/p><\/div>\n<\/div><\/div>\n<\/p><\/div>\n<\/div>\n<\/div><\/div>\n<\/section>\n<p><!-- 5e04889dca315aeb5b26bdea4a165583 --><\/p>\n","protected":false},"excerpt":{"rendered":"<p>Dieses Impressum gilt f\u00fcr die Seiten leben-fuehren.de,\u00a0 autocademy.de sowie f\u00fcr unsere Seiten auf Facebook, LinkedIn, Twitter, Xing, YouTube. Verantwortlich f\u00fcr den Inhalt nach \u00a7 55 Abs. 2 RStV und Angaben gem\u00e4\u00df \u00a7 5 TMG Small Business Elements KFTFischer Istv\u00e1n utca 1441141 Budapest UmsatzsteuerUmsatzsteuer-Identifikationsnummer gem\u00e4\u00df \u00a727 a Umsatzsteuergesetz: HU27061826-2-42 KontaktTelefon: +49 172 9351826E-Mail: contact@small-business-elements.com Quellenangaben f\u00fcr [&hellip;]<\/p>\n","protected":false},"author":11,"featured_media":1239,"parent":0,"menu_order":0,"comment_status":"closed","ping_status":"closed","template":"visual-builder-template.php","meta":{"footnotes":""},"class_list":["post-22","page","type-page","status-publish","has-post-thumbnail","hentry"],"_links":{"self":[{"href":"https:\/\/leben-fuehren.de\/r3\/wp-json\/wp\/v2\/pages\/22","targetHints":{"allow":["GET"]}}],"collection":[{"href":"https:\/\/leben-fuehren.de\/r3\/wp-json\/wp\/v2\/pages"}],"about":[{"href":"https:\/\/leben-fuehren.de\/r3\/wp-json\/wp\/v2\/types\/page"}],"author":[{"embeddable":true,"href":"https:\/\/leben-fuehren.de\/r3\/wp-json\/wp\/v2\/users\/11"}],"replies":[{"embeddable":true,"href":"https:\/\/leben-fuehren.de\/r3\/wp-json\/wp\/v2\/comments?post=22"}],"version-history":[{"count":0,"href":"https:\/\/leben-fuehren.de\/r3\/wp-json\/wp\/v2\/pages\/22\/revisions"}],"wp:featuredmedia":[{"embeddable":true,"href":"https:\/\/leben-fuehren.de\/r3\/wp-json\/wp\/v2\/media\/1239"}],"wp:attachment":[{"href":"https:\/\/leben-fuehren.de\/r3\/wp-json\/wp\/v2\/media?parent=22"}],"curies":[{"name":"wp","href":"https:\/\/api.w.org\/{rel}","templated":true}]}}