{"id":1703,"date":"2015-07-26T15:34:17","date_gmt":"2015-07-26T13:34:17","guid":{"rendered":"http:\/\/leben-fuehren.de\/?page_id=1703"},"modified":"2020-05-14T12:13:29","modified_gmt":"2020-05-14T10:13:29","slug":"olaf-online","status":"publish","type":"page","link":"https:\/\/leben-fuehren.de\/r3\/olaf-kapinski\/olaf-online\/","title":{"rendered":"Olaf Online"},"content":{"rendered":"<section class=\"fw-main-row-custom fw-main-row-top  auto  fw-section-position-back tf-sh-1f89a9279adbd487f90c0f5703e9d4ff\">\n<div class=\"fw-container\">\n<div class=\"fw-row\">\n<div id=\"column-5ebd19c94af58\" class=\"fw-col-sm-12 tf-sh-731758e58895d7f4f7e2c7027ebf2463\">\n<div class=\"fw-wrap-col-inner clearfix  \">\n<div class=\"fw-col-inner\">\n<div class=\"fw-text-box tf-sh-8dbede4edae63158413a793a2d3c0115 \">\n<div class=\"fw-text-inner\">\n<h2>Hier finden Sie meine Artikel im <a href=\"https:\/\/t3n.de\/\"><img decoding=\"async\" class=\"alignnone wp-image-9168 size-full\" src=\"https:\/\/leben-fuehren.de\/wp-content\/uploads\/t3n-logo-press-2018_color_RGB_rechts.png\" alt=\"\" width=\"100\" height=\"31\" \/><\/a> Magazin<\/h2>\n<\/p><\/div>\n<\/div><\/div>\n<\/p><\/div>\n<\/div>\n<\/div>\n<div class=\"fw-row\">\n<div id=\"column-5ebd19c94ba2b\" class=\"fw-col-sm-12 tf-sh-731758e58895d7f4f7e2c7027ebf2463\">\n<div class=\"fw-wrap-col-inner clearfix  \">\n<div class=\"fw-col-inner\">\n<div class=\"fw-divider-space space-md  clearfix\"><\/div>\n<\/p><\/div>\n<\/p><\/div>\n<\/div>\n<\/div>\n<div class=\"fw-row\">\n<div id=\"column-5ebd19c94c4b3\" class=\"fw-col-sm-6 tf-sh-b4df4104c2fc4c857169cc5c120a4954\">\n<div class=\"fw-wrap-col-inner clearfix  \">\n<div class=\"fw-col-inner\">\n<div class=\"fw-text-box tf-sh-483a7b1a08767188b9687a7d6b9f8b8b \">\n<div class=\"fw-text-inner\">\n<p>April 2020 <a href=\"https:\/\/t3n.de\/news\/kein-homeoffice-1269711\/\" target=\"_blank\" rel=\"noopener noreferrer\">&#8220;Warum das, was wir gerade machen, eben kein Homeoffice ist&#8221;<\/a><\/p>\n<p>M\u00e4rz 2020 <a href=\"https:\/\/t3n.de\/news\/fuehrungskraefte-1240368\/\" target=\"_blank\" rel=\"noopener noreferrer\">&#8220;Mitarbeiter sagen ihrem Chef nicht die Wahrheit.&#8221;<\/a><\/p>\n<p>Mai 2018 <a href=\"https:\/\/t3n.de\/news\/marketing-strafe-fuer-schlechten-1078727\/\" target=\"_blank\" rel=\"noopener noreferrer\">&#8220;Marketing ist die Strafe f\u00fcr schlechten Service&#8221;<\/a><\/p>\n<p>Okt 2017 <a href=\"https:\/\/t3n.de\/news\/fuehrung-affenclan-866455\/\" target=\"_blank\" rel=\"noopener noreferrer\">&#8220;Was F\u00fchrungskr\u00e4fte vom Affenclan lernen k\u00f6nnen&#8221;<\/a><\/p>\n<p>Aug 2018 <a href=\"https:\/\/t3n.de\/news\/fuehrung-schweigt-mal-852634\/\" target=\"_blank\" rel=\"noopener noreferrer\">&#8220;Warum F\u00fchrungskr\u00e4fte einfach mal die Klappe halten sollten&#8221;<\/a><\/p>\n<p>Feb 2018 <a href=\"https:\/\/t3n.de\/news\/digitalisierung-geschaeftsmodell-935060\/\" target=\"_blank\" rel=\"noopener noreferrer\">&#8220;Digitalisierung: H\u00f6rt endlich auf nur Feinkosmetik zu betreiben&#8221;<\/a><\/p>\n<p>Jun 2018 <a href=\"https:\/\/t3n.de\/news\/dax-vorstaende-falsch-aufgestellt-1086895\/\" target=\"_blank\" rel=\"noopener noreferrer\">&#8220;Warum unsere DAX-Vorst\u00e4nde falsch aufgestellt sind&#8221;<\/a><\/p>\n<p>Dez 2018 <a href=\"https:\/\/t3n.de\/news\/fuehrungskraefte-muessen-fuehren-1127104\/\" target=\"_blank\" rel=\"noopener noreferrer\">&#8220;F\u00fchrungskr\u00e4fte m\u00fcssen f\u00fchren, nicht managen&#8221;<\/a><\/p>\n<\/p><\/div>\n<\/div><\/div>\n<\/p><\/div>\n<\/div>\n<div id=\"column-5ebd19c94cc53\" class=\"fw-col-sm-6 tf-sh-92df6564d1dea303eb3c1ad8d9788306\">\n<div class=\"fw-wrap-col-inner clearfix  \">\n<div class=\"fw-col-inner\">\n<div class=\"fw-text-box tf-sh-b09fa96526fb2d75b7b87d9a9d1c6446 \">\n<div class=\"fw-text-inner\">\n<p>Okt 2018 <a href=\"https:\/\/t3n.de\/news\/firmen-it-kpis-1117287\/\" target=\"_blank\" rel=\"noopener noreferrer\">&#8220;Warum Firmen-IT so schlecht ist&#8221;<\/a><\/p>\n<p>Okt 2018 <a href=\"https:\/\/t3n.de\/news\/geht-befoerderung-1116288\/\" target=\"_blank\" rel=\"noopener noreferrer\">&#8220;So findest du den richtigen Chef&#8221;<\/a><\/p>\n<p>Apr 2018 <a href=\"https:\/\/t3n.de\/news\/unternehmen-kein-gewinn-1022006\/\" target=\"_blank\" rel=\"noopener noreferrer\">&#8220;Die besten Unternehmen sind die, die kein Geld verdienen wollen&#8221;<\/a><\/p>\n<p>Okt 2018 <a href=\"https:\/\/t3n.de\/news\/befoerderung-fachlaufbahn-1120830\/\" target=\"_blank\" rel=\"noopener noreferrer\">&#8220;Bef\u00f6rderung in der Fachlaufbahn&#8221;<\/a><\/p>\n<p>Aug 2018 <a href=\"https:\/\/t3n.de\/news\/3-fragen-mit-denen-du-als-freiberufler-erkennst-ob-du-in-einer-sackgasse-bist-1099439\/\" target=\"_blank\" rel=\"noopener noreferrer\">&#8220;3 Fragen mit denen du als Freiberufler erkennst, ob du in einer Sackgasse bist&#8221;<\/a><\/p>\n<p>Nov 2017 <a href=\"https:\/\/t3n.de\/news\/missverstaendnis-digitalisierung-873428\/\" target=\"_blank\" rel=\"noopener noreferrer\">&#8220;Das ist das gr\u00f6\u00dfte Missverst\u00e4ndnis der Digitalisierung&#8221;<\/a><\/p>\n<p>Jan 2019 <a href=\"https:\/\/t3n.de\/news\/fuehrung-ernie-bert-1135635\/\" target=\"_blank\" rel=\"noopener noreferrer\">&#8220;Unternehmungsf\u00fchrung: Was wir von Ernie und Bert lernen k\u00f6nnen&#8221;<\/a><\/p>\n<p>Nov 2019 <a href=\"https:\/\/t3n.de\/news\/gutes-team-1226842\/\">Was F\u00fchrungskr\u00e4fte von Verbrecherbanden lernen k\u00f6nnen<\/a><\/p>\n<\/p><\/div>\n<\/div><\/div>\n<\/p><\/div>\n<\/div>\n<\/div><\/div>\n<\/section>\n<section class=\"fw-main-row  auto  fw-section-position-back\">\n<div class=\"fw-container\">\n<div class=\"fw-row\">\n<div id=\"column-5ebd19c94e0e6\" class=\"fw-col-sm-12 tf-sh-731758e58895d7f4f7e2c7027ebf2463\">\n<div class=\"fw-wrap-col-inner clearfix  \">\n<div class=\"fw-col-inner\">\n<div class=\"fw-text-box tf-sh-0bb2b15a4529411603228d2e94809c68 \">\n<div class=\"fw-text-inner\">\n<h2>Weitere externe Artikel oder Interviews:<\/h2>\n<\/p><\/div>\n<\/div><\/div>\n<\/p><\/div>\n<\/div>\n<\/div>\n<div class=\"fw-row\">\n<div id=\"column-5ebd19c94eb82\" class=\"fw-col-sm-12 tf-sh-731758e58895d7f4f7e2c7027ebf2463\">\n<div class=\"fw-wrap-col-inner clearfix  \">\n<div class=\"fw-col-inner\">\n<div class=\"fw-divider-space space-md  clearfix\"><\/div>\n<\/p><\/div>\n<\/p><\/div>\n<\/div>\n<\/div>\n<div class=\"fw-row\">\n<div id=\"column-5ebd19c94f5d9\" class=\"fw-col-sm-4 tf-sh-23e8c466079a73c5562e62b00cf6d78c\">\n<div class=\"fw-wrap-col-inner clearfix  \">\n<div class=\"fw-col-inner\">\n<div class=\"fw-text-box tf-sh-b688dde6da198ababf31c78d7f725773 \">\n<div class=\"fw-text-inner\">\n<h3>27. 03.2020<\/h3>\n<\/p><\/div>\n<\/div>\n<div class=\"fw-block-image-parent fw-overlay-1 fw-block-image-icon  \" style=\"width: 100%\">\n\t\t\t<a class=\"fw-block-image-child fw-ratio-1 fw-ratio-container \" href=\"https:\/\/arbeitsglueck.podigee.io\/5-der-corona-boomerang\" target=\"&#039;_blank&#039;\" rel=\"noopener noreferrer\"><br \/>\n\t\t\t\t<img decoding=\"async\" src=\"https:\/\/leben-fuehren.de\/wp-content\/uploads\/LF277-florian-volkelt.jpg\" alt=\"LF277-florian-volkelt\" data-maxdpr=\"1.7\" class=\"lazyload\" \/>\t\t\t\t                                    <\/p>\n<div class=\"fw-block-image-overlay\">\n<div class=\"fw-itable\">\n<div class=\"fw-icell\">\n                                <i class=\"fw-icon-link\"><\/i>\n                            <\/div>\n<\/p><\/div>\n<\/p><\/div>\n<p>                \t\t\t<\/a>\n\t\t<\/div>\n<\/p><\/div>\n<\/p><\/div>\n<\/div>\n<div id=\"column-5ebd19c9507fc\" class=\"fw-col-sm-4 tf-sh-31b4da2b0ef6d2b5611131f101b1839b\">\n<div class=\"fw-wrap-col-inner clearfix  \">\n<div class=\"fw-col-inner\">\n<div class=\"fw-text-box tf-sh-e73ea4d082b5c645d71515c1808977e0 \">\n<div class=\"fw-text-inner\">\n<h3>27. 11. 2019<\/h3>\n<\/p><\/div>\n<\/div>\n<div class=\"fw-block-image-parent fw-overlay-1 fw-block-image-icon  \" style=\"width: 100%\">\n\t\t\t<a class=\"fw-block-image-child fw-ratio-1 fw-ratio-container \" href=\"https:\/\/www.benjaminfloer.com\/blog\/jahresabschluss-interview-olaf-kampinski\/\" target=\"&#039;_blank&#039;\" rel=\"noopener noreferrer\"><br \/>\n\t\t\t\t<img decoding=\"async\" src=\"https:\/\/leben-fuehren.de\/wp-content\/uploads\/LF217.5-FBH-Logo-500x500.jpg\" alt=\"Benjamin F\u00f6hr\" data-maxdpr=\"1.7\" class=\"lazyload\" \/>\t\t\t\t                                    <\/p>\n<div class=\"fw-block-image-overlay\">\n<div class=\"fw-itable\">\n<div class=\"fw-icell\">\n                                <i class=\"fw-icon-link\"><\/i>\n                            <\/div>\n<\/p><\/div>\n<\/p><\/div>\n<p>                \t\t\t<\/a>\n\t\t<\/div>\n<\/p><\/div>\n<\/p><\/div>\n<\/div>\n<\/div>\n<div class=\"fw-row\">\n<div id=\"column-5ebd19c9519b5\" class=\"fw-col-sm-12 tf-sh-731758e58895d7f4f7e2c7027ebf2463\">\n<div class=\"fw-wrap-col-inner clearfix  \">\n<div class=\"fw-col-inner\">\n<div class=\"fw-divider-space space-md  clearfix\"><\/div>\n<\/p><\/div>\n<\/p><\/div>\n<\/div>\n<\/div>\n<div class=\"fw-row\">\n<div id=\"column-5ebd19c9520d9\" class=\"fw-col-sm-4 tf-sh-eddde077be8d6c14d9ee8cb6376ae08f\">\n<div class=\"fw-wrap-col-inner clearfix  \">\n<div class=\"fw-col-inner\">\n<div class=\"fw-text-box tf-sh-361117cd74eb18697238809da6344bf5 \">\n<div class=\"fw-text-inner\">\n<h3>26. 03. 2019<\/h3>\n<\/p><\/div>\n<\/div>\n<div class=\"fw-block-image-parent fw-overlay-1 fw-block-image-icon  \" style=\"width: 100%\">\n\t\t\t<a class=\"fw-block-image-child fw-ratio-1 fw-ratio-container \" href=\"https:\/\/berufspodcast.com\/110-olaf-kapinski\/\" target=\"&#039;_blank&#039;\" rel=\"noopener noreferrer\"><br \/>\n\t\t\t\t<img decoding=\"async\" src=\"https:\/\/leben-fuehren.de\/wp-content\/uploads\/Berufspodcast_Cover_final-300x300.png\" alt=\"Berufspodcast_Cover_final-300&#215;300\" data-maxdpr=\"1.7\" class=\"lazyload\" \/>\t\t\t\t                                    <\/p>\n<div class=\"fw-block-image-overlay\">\n<div class=\"fw-itable\">\n<div class=\"fw-icell\">\n                                <i class=\"fw-icon-link\"><\/i>\n                            <\/div>\n<\/p><\/div>\n<\/p><\/div>\n<p>                \t\t\t<\/a>\n\t\t<\/div>\n<\/p><\/div>\n<\/p><\/div>\n<\/div>\n<div id=\"column-5ebd19c95304f\" class=\"fw-col-sm-4 tf-sh-dee24af0d38f4ec7495dcae2b2a8a068\">\n<div class=\"fw-wrap-col-inner clearfix  \">\n<div class=\"fw-col-inner\">\n<div class=\"fw-text-box tf-sh-fe06b0f6f363ccbbf32c08169a1b73b2 \">\n<div class=\"fw-text-inner\">\n<h3>12. 03. 2019<\/h3>\n<\/p><\/div>\n<\/div>\n<div class=\"fw-block-image-parent fw-overlay-1 fw-block-image-icon  \" style=\"width: 100%\">\n\t\t\t<a class=\"fw-block-image-child fw-ratio-1 fw-ratio-container \" href=\"https:\/\/georgjocham.com\/014-so-machst-du-den-naechsten-karriereschritt-im-gespraech-mit-olaf-kapinski\/\" target=\"&#039;_blank&#039;\" rel=\"noopener noreferrer\"><br \/>\n\t\t\t\t<img decoding=\"async\" src=\"https:\/\/leben-fuehren.de\/wp-content\/uploads\/Podcast-Endlich_Entscheidungen_vom_Chef-3000-scaled.jpg\" alt=\"Podcast-Endlich_Entscheidungen_vom_Chef-3000\" data-maxdpr=\"1.7\" class=\"lazyload\" \/>\t\t\t\t                                    <\/p>\n<div class=\"fw-block-image-overlay\">\n<div class=\"fw-itable\">\n<div class=\"fw-icell\">\n                                <i class=\"fw-icon-link\"><\/i>\n                            <\/div>\n<\/p><\/div>\n<\/p><\/div>\n<p>                \t\t\t<\/a>\n\t\t<\/div>\n<\/p><\/div>\n<\/p><\/div>\n<\/div>\n<div id=\"column-5ebd19c953dfb\" class=\"fw-col-sm-4 tf-sh-1abf6970e934ccf9f75111eb665877c9\">\n<div class=\"fw-wrap-col-inner clearfix  \">\n<div class=\"fw-col-inner\">\n<div class=\"fw-text-box tf-sh-0adf0616800410ad4f973ec8c569e9d8 \">\n<div class=\"fw-text-inner\">\n<h3>03. 03. 2019<\/h3>\n<\/p><\/div>\n<\/div>\n<div class=\"fw-block-image-parent fw-overlay-1 fw-block-image-icon  \" style=\"width: 100%\">\n\t\t\t<a class=\"fw-block-image-child fw-ratio-1 fw-ratio-container \" href=\"https:\/\/www.podomatic.com\/podcasts\/dianelli\/episodes\/2019-03-03T02_36_31-08_00\" target=\"&#039;_blank&#039;\" rel=\"noopener noreferrer\"><br \/>\n\t\t\t\t<img decoding=\"async\" src=\"https:\/\/leben-fuehren.de\/wp-content\/uploads\/LF170-Dirk-Braun.jpg\" alt=\"Dirk Braun\" data-maxdpr=\"1.7\" class=\"lazyload\" \/>\t\t\t\t                                    <\/p>\n<div class=\"fw-block-image-overlay\">\n<div class=\"fw-itable\">\n<div class=\"fw-icell\">\n                                <i class=\"fw-icon-link\"><\/i>\n                            <\/div>\n<\/p><\/div>\n<\/p><\/div>\n<p>                \t\t\t<\/a>\n\t\t<\/div>\n<\/p><\/div>\n<\/p><\/div>\n<\/div>\n<\/div>\n<div class=\"fw-row\">\n<div id=\"column-5ebd19c954c7a\" class=\"fw-col-sm-12 tf-sh-731758e58895d7f4f7e2c7027ebf2463\">\n<div class=\"fw-wrap-col-inner clearfix  \">\n<div class=\"fw-col-inner\">\n<div class=\"fw-divider-space space-md  clearfix\"><\/div>\n<\/p><\/div>\n<\/p><\/div>\n<\/div>\n<\/div>\n<div class=\"fw-row\">\n<div id=\"column-5ebd19c955510\" class=\"fw-col-sm-4 tf-sh-3ffeb96fa8c03c0b26830b9185cba4ca\">\n<div class=\"fw-wrap-col-inner clearfix  \">\n<div class=\"fw-col-inner\">\n<div class=\"fw-text-box tf-sh-43e19eb69e7285e24edffd9e5cbe161b \">\n<div class=\"fw-text-inner\">\n<h3>06. 02. 2019<\/h3>\n<\/p><\/div>\n<\/div>\n<div class=\"fw-block-image-parent fw-overlay-1 fw-block-image-icon  \" style=\"width: 100%\">\n\t\t\t<a class=\"fw-block-image-child fw-ratio-4-3 fw-ratio-container \" href=\"https:\/\/q-enthusiast.de\/qm-und-feedback\/\" target=\"&#039;_blank&#039;\" rel=\"noopener noreferrer\"><br \/>\n\t\t\t\t<img decoding=\"async\" src=\"https:\/\/leben-fuehren.de\/wp-content\/uploads\/LF-219-Florian-Frankl-Beitrag.png\" alt=\"LF 219 Florian Frankl Beitrag\" data-maxdpr=\"1.7\" class=\"lazyload\" \/>\t\t\t\t                                    <\/p>\n<div class=\"fw-block-image-overlay\">\n<div class=\"fw-itable\">\n<div class=\"fw-icell\">\n                                <i class=\"fw-icon-link\"><\/i>\n                            <\/div>\n<\/p><\/div>\n<\/p><\/div>\n<p>                \t\t\t<\/a>\n\t\t<\/div>\n<\/p><\/div>\n<\/p><\/div>\n<\/div>\n<div id=\"column-5ebd19c956324\" class=\"fw-col-sm-4 tf-sh-1cf1c310f36c03a9ee84dc1593477f71\">\n<div class=\"fw-wrap-col-inner clearfix  \">\n<div class=\"fw-col-inner\">\n<div class=\"fw-text-box tf-sh-12c8605fed0fef5eafb51e9a3c76b0b2 \">\n<div class=\"fw-text-inner\">\n<h3>04. 02. 2019<\/h3>\n<\/p><\/div>\n<\/div>\n<div class=\"fw-block-image-parent fw-overlay-1 fw-block-image-icon  \" style=\"width: 100%\">\n\t\t\t<a class=\"fw-block-image-child fw-ratio-1 fw-ratio-container \" href=\"https:\/\/ihre-kundenbrille.de\/blickwinkel-kunde\/047-auf-einen-kaffee-mit-olaf-kapinski-chiefcustomerofficer-fuehrung-karriere\" target=\"&#039;_blank&#039;\" rel=\"noopener noreferrer\"><br \/>\n\t\t\t\t<img decoding=\"async\" src=\"https:\/\/leben-fuehren.de\/wp-content\/uploads\/Blickwinkel-Kunde-Podcast-mit-Dr_Oliver-Ratajczak-400x400.jpg\" alt=\"Blickwinkel-Kunde-Podcast-mit-Dr_Oliver-Ratajczak-400&#215;400\" data-maxdpr=\"1.7\" class=\"lazyload\" \/>\t\t\t\t                                    <\/p>\n<div class=\"fw-block-image-overlay\">\n<div class=\"fw-itable\">\n<div class=\"fw-icell\">\n                                <i class=\"fw-icon-link\"><\/i>\n                            <\/div>\n<\/p><\/div>\n<\/p><\/div>\n<p>                \t\t\t<\/a>\n\t\t<\/div>\n<\/p><\/div>\n<\/p><\/div>\n<\/div>\n<div id=\"column-5ebd19c9571d1\" class=\"fw-col-sm-4 tf-sh-d1fcabd5850cccfe609c931f893f7e91\">\n<div class=\"fw-wrap-col-inner clearfix  \">\n<div class=\"fw-col-inner\">\n<div class=\"fw-text-box tf-sh-d2d9a4d2091f7163505461735ea457d9 \">\n<div class=\"fw-text-inner\">\n<h3>28. 11. 2018<\/h3>\n<\/p><\/div>\n<\/div>\n<div class=\"fw-block-image-parent fw-overlay-1 fw-block-image-icon  \" style=\"width: 100%\">\n\t\t\t<a class=\"fw-block-image-child fw-ratio-1 fw-ratio-container \" href=\"https:\/\/www.benjaminfloer.com\/blog\/visionen-entwickeln-fuer-das-neue-jahr-ist-besser-als-gute-vorsaetze-interview-mit-olaf-kapinski\/\" target=\"&#039;_blank&#039;\" rel=\"noopener noreferrer\"><br \/>\n\t\t\t\t<img decoding=\"async\" src=\"https:\/\/leben-fuehren.de\/wp-content\/uploads\/LF217.5-FBH-Logo-500x500.jpg\" alt=\"Benjamin F\u00f6hr\" data-maxdpr=\"1.7\" class=\"lazyload\" \/>\t\t\t\t                                    <\/p>\n<div class=\"fw-block-image-overlay\">\n<div class=\"fw-itable\">\n<div class=\"fw-icell\">\n                                <i class=\"fw-icon-link\"><\/i>\n                            <\/div>\n<\/p><\/div>\n<\/p><\/div>\n<p>                \t\t\t<\/a>\n\t\t<\/div>\n<\/p><\/div>\n<\/p><\/div>\n<\/div>\n<\/div>\n<div class=\"fw-row\">\n<div id=\"column-5ebd19c957fc5\" class=\"fw-col-sm-12 tf-sh-731758e58895d7f4f7e2c7027ebf2463\">\n<div class=\"fw-wrap-col-inner clearfix  \">\n<div class=\"fw-col-inner\">\n<div class=\"fw-divider-space space-md  clearfix\"><\/div>\n<\/p><\/div>\n<\/p><\/div>\n<\/div>\n<\/div>\n<div class=\"fw-row\">\n<div id=\"column-5ebd19c9587e5\" class=\"fw-col-sm-4 tf-sh-6e483ccc4eae068b5b00ff50f43114ce\">\n<div class=\"fw-wrap-col-inner clearfix  \">\n<div class=\"fw-col-inner\">\n<div class=\"fw-text-box tf-sh-bb91787faba8d32a51ed3859261bea31 \">\n<div class=\"fw-text-inner\">\n<h3>26.10.2018<\/h3>\n<\/p><\/div>\n<\/div>\n<div class=\"fw-block-image-parent fw-overlay-1 fw-block-image-icon  \" style=\"width: 100%\">\n\t\t\t<a class=\"fw-block-image-child fw-ratio-1 fw-ratio-container \" href=\"https:\/\/t3n.de\/news\/firmen-it-kpis-1117287\/\" target=\"&#039;_blank&#039;\" rel=\"noopener noreferrer\"><br \/>\n\t\t\t\t<img decoding=\"async\" src=\"https:\/\/leben-fuehren.de\/wp-content\/uploads\/avatars-000404528088-29nwi3-t500x5001.jpg\" alt=\"avatars-000404528088-29nwi3-t500x500[1]\" data-maxdpr=\"1.7\" class=\"lazyload\" \/>\t\t\t\t                                    <\/p>\n<div class=\"fw-block-image-overlay\">\n<div class=\"fw-itable\">\n<div class=\"fw-icell\">\n                                <i class=\"fw-icon-link\"><\/i>\n                            <\/div>\n<\/p><\/div>\n<\/p><\/div>\n<p>                \t\t\t<\/a>\n\t\t<\/div>\n<\/p><\/div>\n<\/p><\/div>\n<\/div>\n<div id=\"column-5ebd19c959857\" class=\"fw-col-sm-4 tf-sh-98a2fb5d25c3a9c01bf28af0e1bc4c9a\">\n<div class=\"fw-wrap-col-inner clearfix  \">\n<div class=\"fw-col-inner\">\n<div class=\"fw-text-box tf-sh-bbb3008eb79971b3fdb122e663c47427 \">\n<div class=\"fw-text-inner\">\n<h3>24. 11. 2016<\/h3>\n<p><a href=\"http:\/\/coachingprodukte-entwickeln.de\/obl052-onlinekurs-aus-podcast-olaf-kapinski\/\" target=\"_blank\" rel=\"noopener noreferrer\"><img decoding=\"async\" class=\"alignnone size-full wp-image-1474\" src=\"https:\/\/leben-fuehren.de\/wp-content\/uploads\/OBL052.jpg\" alt=\"Marit Alke\" width=\"312\" height=\"203\" \/><\/a><\/p>\n<\/p><\/div>\n<\/div><\/div>\n<\/p><\/div>\n<\/div>\n<div id=\"column-5ebd19c959fac\" class=\"fw-col-sm-4 tf-sh-59c954407b0d39a18bd4cc2b0168ea9a\">\n<div class=\"fw-wrap-col-inner clearfix  \">\n<div class=\"fw-col-inner\">\n<div class=\"fw-text-box tf-sh-22cdbd4af37466280bafd14be1ec2dfc \">\n<div class=\"fw-text-inner\">\n<h3>24.11.2016<\/h3>\n<p><a href=\"http:\/\/mut-initiative.de\/mut-ausbrueche-olaf-kapinski-im-mutinterview\/\"><img decoding=\"async\" class=\"aligncenter size-full wp-image-3873\" src=\"https:\/\/leben-fuehren.de\/wp-content\/uploads\/mut-ausbrueche_web.png\" alt=\"\" width=\"300\" height=\"101\" srcset=\"https:\/\/leben-fuehren.de\/r3\/wp-content\/uploads\/sites\/1\/mut-ausbrueche_web.png 300w, https:\/\/leben-fuehren.de\/r3\/wp-content\/uploads\/sites\/1\/mut-ausbrueche_web-200x67.png 200w\" sizes=\"(max-width: 300px) 100vw, 300px\" \/><\/a><\/p>\n<\/p><\/div>\n<\/div><\/div>\n<\/p><\/div>\n<\/div>\n<\/div>\n<div class=\"fw-row\">\n<div id=\"column-5ebd19c95aa6e\" class=\"fw-col-sm-12 tf-sh-731758e58895d7f4f7e2c7027ebf2463\">\n<div class=\"fw-wrap-col-inner clearfix  \">\n<div class=\"fw-col-inner\">\n<div class=\"fw-divider-space space-md  clearfix\"><\/div>\n<\/p><\/div>\n<\/p><\/div>\n<\/div>\n<\/div>\n<div class=\"fw-row\">\n<div id=\"column-5ebd19c95b4f7\" class=\"fw-col-sm-4 tf-sh-a33cfb56e07d11c09c3a13eb64cc2c43\">\n<div class=\"fw-wrap-col-inner clearfix  \">\n<div class=\"fw-col-inner\">\n<div class=\"fw-text-box tf-sh-5d97908999942e5857d3200bcfbcee4a \">\n<div class=\"fw-text-inner\">\n<h3>26. 10. 2016<\/h3>\n<p><a href=\"http:\/\/www.georgjocham.com\/apl-050-so-geht-fuehrung-heute-im-gespraech-mit-olaf-kapinski-teil1\/\" target=\"_blank\" rel=\"noopener noreferrer\"><img decoding=\"async\" class=\"alignnone wp-image-3872 size-full\" src=\"https:\/\/leben-fuehren.de\/wp-content\/uploads\/Georg.jpg\" width=\"312\" height=\"203\" srcset=\"https:\/\/leben-fuehren.de\/r3\/wp-content\/uploads\/sites\/1\/Georg.jpg 312w, https:\/\/leben-fuehren.de\/r3\/wp-content\/uploads\/sites\/1\/Georg-300x195.jpg 300w, https:\/\/leben-fuehren.de\/r3\/wp-content\/uploads\/sites\/1\/Georg-200x130.jpg 200w\" sizes=\"(max-width: 312px) 100vw, 312px\" \/><\/a><\/p>\n<\/p><\/div>\n<\/div><\/div>\n<\/p><\/div>\n<\/div>\n<div id=\"column-5ebd19c95bc2b\" class=\"fw-col-sm-4 tf-sh-f60c63eaf956bb8fe3dd082b3f3c42b1\">\n<div class=\"fw-wrap-col-inner clearfix  \">\n<div class=\"fw-col-inner\">\n<div class=\"fw-text-box tf-sh-84572b49ba5513f19a760acf6ac7728d \">\n<div class=\"fw-text-inner\">\n<h3>13. 03. 2016<\/h3>\n<p><a href=\"http:\/\/kommunikationsverbesserer.com\/2016\/03\/13\/kvp015-interview-mit-olaf-dammann-zum-thema-ziele\/\" target=\"_blank\" rel=\"noopener noreferrer\"><img decoding=\"async\" class=\"alignnone wp-image-2611 size-full\" title=\"Kommunikationsverbesserer-logo\" src=\"https:\/\/leben-fuehren.de\/wp-content\/uploads\/Kommunikationsverbesserer-logo.jpg\" width=\"312\" height=\"202\" srcset=\"https:\/\/leben-fuehren.de\/r3\/wp-content\/uploads\/sites\/1\/Kommunikationsverbesserer-logo.jpg 312w, https:\/\/leben-fuehren.de\/r3\/wp-content\/uploads\/sites\/1\/Kommunikationsverbesserer-logo-300x194.jpg 300w, https:\/\/leben-fuehren.de\/r3\/wp-content\/uploads\/sites\/1\/Kommunikationsverbesserer-logo-200x129.jpg 200w\" sizes=\"(max-width: 312px) 100vw, 312px\" \/><\/a><\/p>\n<\/p><\/div>\n<\/div><\/div>\n<\/p><\/div>\n<\/div>\n<div id=\"column-5ebd19c95c38c\" class=\"fw-col-sm-4 tf-sh-65f301b343d603dfa30ffb4cedb70ab5\">\n<div class=\"fw-wrap-col-inner clearfix  \">\n<div class=\"fw-col-inner\">\n<div class=\"fw-text-box tf-sh-fb3ee3c7959ab5f7d33f52230a26a52c \">\n<div class=\"fw-text-inner\">\n<h3>02. 07. 2015<\/h3>\n<p><a href=\"http:\/\/www.audiobeitraege.de\/how-to-share-the-message\/\"><img decoding=\"async\" class=\"alignnone size-full wp-image-1553\" src=\"https:\/\/leben-fuehren.de\/wp-content\/uploads\/ArtikelAudiobeitr\u00e4ge2.png\" alt=\"ArtikelAudiobeitr\u00e4ge2\" width=\"312\" height=\"203\" \/><\/a><\/p>\n<\/p><\/div>\n<\/div><\/div>\n<\/p><\/div>\n<\/div>\n<\/div>\n<div class=\"fw-row\">\n<div id=\"column-5ebd19c95ce8c\" class=\"fw-col-sm-12 tf-sh-731758e58895d7f4f7e2c7027ebf2463\">\n<div class=\"fw-wrap-col-inner clearfix  \">\n<div class=\"fw-col-inner\">\n<div class=\"fw-divider-space space-md  clearfix\"><\/div>\n<\/p><\/div>\n<\/p><\/div>\n<\/div>\n<\/div>\n<div class=\"fw-row\">\n<div id=\"column-5ebd19c95d8ff\" class=\"fw-col-sm-4 tf-sh-fe1a1a44fb6a61cb8e5e43c8d41d062b\">\n<div class=\"fw-wrap-col-inner clearfix  \">\n<div class=\"fw-col-inner\">\n<div class=\"fw-text-box tf-sh-fc8bf38eca7e291ccc158308c219bdcd \">\n<div class=\"fw-text-inner\">\n<h3>20. 05. 2015<\/h3>\n<p><a href=\"http:\/\/www.audiobeitraege.de\/podcaster-packen-aus-heute-olaf-dammann-ueber-leben-fuehren\/\" target=\"_blank\" rel=\"noopener noreferrer\"><img decoding=\"async\" class=\"alignnone wp-image-1474 size-full\" src=\"https:\/\/leben-fuehren.de\/wp-content\/uploads\/ArtikelAudiobeitr\u00e4ge.png\" alt=\"ArtikelAudiobeitr\u00e4ge\" width=\"312\" height=\"203\" \/><\/a><\/p>\n<\/p><\/div>\n<\/div><\/div>\n<\/p><\/div>\n<\/div>\n<div id=\"column-5ebd19c95e036\" class=\"fw-col-sm-4 tf-sh-c225e1a70374e93870206aff1805c838\">\n<div class=\"fw-wrap-col-inner clearfix  \">\n<div class=\"fw-col-inner\">\n<div class=\"fw-text-box tf-sh-7ef01898de624c417159d06535e8d00e \">\n<div class=\"fw-text-inner\">\n<h3>29. 04. 2015<\/h3>\n<p><a href=\"http:\/\/klauspertl.com\/effektive-fuehrungskraft-podcast-mit-olaf-dammann\/\" target=\"_blank\" rel=\"noopener noreferrer\"><img decoding=\"async\" class=\"alignnone wp-image-1472 size-full\" src=\"https:\/\/leben-fuehren.de\/wp-content\/uploads\/ArtikelKlausPertl.png\" alt=\"ArtikelKlausPertl\" width=\"312\" height=\"203\" \/><\/a><\/p>\n<\/p><\/div>\n<\/div><\/div>\n<\/p><\/div>\n<\/div>\n<div id=\"column-5ebd19c95e743\" class=\"fw-col-sm-4 tf-sh-51bfae4d73ced821aac1193a05f02d1a\">\n<div class=\"fw-wrap-col-inner clearfix  \">\n<div class=\"fw-col-inner\">\n<div class=\"fw-text-box tf-sh-a6f6434b07f252e065368be00c1b66be \">\n<div class=\"fw-text-inner\">\n<h3>15. 04. 2015<\/h3>\n<p><a href=\"http:\/\/silkegluesenkamp.at\/gutes-recruiting-ist-teamwork\/\" target=\"_blank\" rel=\"noopener noreferrer\"><img decoding=\"async\" class=\"alignnone wp-image-1473 size-full\" src=\"https:\/\/leben-fuehren.de\/wp-content\/uploads\/ArtikelSilkeGl\u00fcsenkamp.png\" alt=\"ArtikelSilkeGl\u00fcsenkamp\" width=\"312\" height=\"203\" \/><\/a><\/p>\n<\/p><\/div>\n<\/div><\/div>\n<\/p><\/div>\n<\/div>\n<\/div><\/div>\n<\/section>\n<p><!-- d1afb8584e6718767c313dba79442f14 --><\/p>\n","protected":false},"excerpt":{"rendered":"<p>Hier finden Sie meine Artikel im Magazin April 2020 &#8220;Warum das, was wir gerade machen, eben kein Homeoffice ist&#8221; M\u00e4rz 2020 &#8220;Mitarbeiter sagen ihrem Chef nicht die Wahrheit.&#8221; Mai 2018 &#8220;Marketing ist die Strafe f\u00fcr schlechten Service&#8221; Okt 2017 &#8220;Was F\u00fchrungskr\u00e4fte vom Affenclan lernen k\u00f6nnen&#8221; Aug 2018 &#8220;Warum F\u00fchrungskr\u00e4fte einfach mal die Klappe halten sollten&#8221; [&hellip;]<\/p>\n","protected":false},"author":2,"featured_media":0,"parent":463,"menu_order":0,"comment_status":"closed","ping_status":"closed","template":"visual-builder-template.php","meta":{"footnotes":""},"class_list":["post-1703","page","type-page","status-publish","hentry"],"_links":{"self":[{"href":"https:\/\/leben-fuehren.de\/r3\/wp-json\/wp\/v2\/pages\/1703","targetHints":{"allow":["GET"]}}],"collection":[{"href":"https:\/\/leben-fuehren.de\/r3\/wp-json\/wp\/v2\/pages"}],"about":[{"href":"https:\/\/leben-fuehren.de\/r3\/wp-json\/wp\/v2\/types\/page"}],"author":[{"embeddable":true,"href":"https:\/\/leben-fuehren.de\/r3\/wp-json\/wp\/v2\/users\/2"}],"replies":[{"embeddable":true,"href":"https:\/\/leben-fuehren.de\/r3\/wp-json\/wp\/v2\/comments?post=1703"}],"version-history":[{"count":0,"href":"https:\/\/leben-fuehren.de\/r3\/wp-json\/wp\/v2\/pages\/1703\/revisions"}],"up":[{"embeddable":true,"href":"https:\/\/leben-fuehren.de\/r3\/wp-json\/wp\/v2\/pages\/463"}],"wp:attachment":[{"href":"https:\/\/leben-fuehren.de\/r3\/wp-json\/wp\/v2\/media?parent=1703"}],"curies":[{"name":"wp","href":"https:\/\/api.w.org\/{rel}","templated":true}]}}