{"id":11747,"date":"2020-05-14T11:21:15","date_gmt":"2020-05-14T09:21:15","guid":{"rendered":"https:\/\/leben-fuehren.de\/?page_id=11747"},"modified":"2020-05-14T13:49:36","modified_gmt":"2020-05-14T11:49:36","slug":"video-events-fewl7t5o","status":"publish","type":"page","link":"https:\/\/leben-fuehren.de\/r3\/leaderscommunity\/video-events-fewl7t5o\/","title":{"rendered":"Video-Events"},"content":{"rendered":"<section data-parallax-background-speed=\"10\" class=\"fw-main-row-custom fw-main-row-top fw-section-no-padding fw-content-overlay-lg fw_theme_bg_fw-custom fw-section-image fw-section-height-custom  parallax-section fw-section-position-back tf-sh-33d24de7413dce80a7d69328fbfdde5c\" style=\"background-image:url(https:\/\/leben-fuehren.de\/wp-content\/uploads\/Header-ITS-1920x1280.jpg);background-position: center top;background-size: auto;height: 300px\">\n<div class=\"fw-main-row-overlay\" style=\"background-color: #ffffff\"><\/div>\n<div class=\"fw-container-fluid\">\n\t\t\t<\/div>\n<\/section>\n<section class=\"fw-main-row-custom  auto  fw-section-position-back tf-sh-d30b3708947f61a687f0168583a28922\">\n<div class=\"fw-container\" style=\"background-color:#1a1a1a\">\n<div class=\"fw-row\">\n<div id=\"column-5ebd3050693dd\" class=\"fw-col-sm-2 tf-sh-51ff4b592555b684fab85f6b4a741cf3\">\n<div class=\"fw-wrap-col-inner clearfix  \">\n<div class=\"fw-col-inner\">\n\t\t\t\t\t<\/div>\n<\/p><\/div>\n<\/div>\n<div id=\"column-5ebd3050695d3\" class=\"fw-col-sm-8 tf-sh-49d50388975043a0b7779a463830022b  fw-animated-element\" data-animation-type=\"fadeInUp\" data-animation-delay=\"200\">\n<div class=\"fw-wrap-col-inner clearfix  \">\n<div class=\"fw-col-inner\">\n<div class=\"fw-iconbox clearfix tf-sh-0d68d711006bb2e52ce0a573fc3853b6 fw-iconbox-4 fw-icon-top  bg-on icon-square \">\n<div class=\"fw-iconbox-image \" style=\"background-color:#1a1a1a\">\n\t\t\t\t\t<i class=\"fa fa-video-camera fw_theme_text_color_1\"><\/i>\n\t\t\t<\/div>\n<div class=\"fw-iconbox-aside\">\n<div class=\"fw-iconbox-title\">\n<h2>Video-Events<\/h2>\n<\/p><\/div>\n<div class=\"fw-iconbox-text\">\n<p>In Corona-Zeiten k\u00f6nnen keine Events stattfinden. Dennoch wollte ich das StarsMeeting, das Treffen der LeadershipStars, nicht ausfallen lassen.<\/p>\n<p>In den beiden Videos beschreibe und zeige ich Dir, wie ich die Technik f\u00fcr einen kombinierten Video-Schreibtisch-B\u00fchnen Event aufgebaut habe und wie sich das Setup bew\u00e4hrt hat.<\/p>\n<p>&nbsp;<\/p>\n<p>Dein OLAF KAPINSKI <i class=\"fa fa-smile-o\" aria-hidden=\"true\"><\/i><\/p>\n<\/p><\/div>\n<\/p><\/div>\n<\/div><\/div>\n<\/p><\/div>\n<\/div>\n<div id=\"column-5ebd30506ac82\" class=\"fw-col-sm-2 tf-sh-90dcd3850502cefb8f0d8facf6347850\">\n<div class=\"fw-wrap-col-inner clearfix  \">\n<div class=\"fw-col-inner\">\n\t\t\t\t\t<\/div>\n<\/p><\/div>\n<\/div>\n<\/div>\n<div class=\"fw-row\">\n<div id=\"column-5ebd30506b94d\" class=\"fw-col-sm-12 tf-sh-578fa91fb849e9776a96eec642c354d3\">\n<div class=\"fw-wrap-col-inner clearfix  \">\n<div class=\"fw-col-inner\">\n<div class=\"fw-divider-space space-md  clearfix\"><\/div>\n<\/p><\/div>\n<\/p><\/div>\n<\/div>\n<\/div>\n<div class=\"fw-row\">\n<div id=\"column-5ebd30506bfe3\" class=\"fw-col-sm-6 tf-sh-3533cb5c443dd91cb378b7978854245d  fw-animated-element\" data-animation-type=\"fadeInUp\" data-animation-delay=\"1000\">\n<div class=\"fw-wrap-col-inner clearfix  \">\n<div class=\"fw-col-inner\">\n<div class=\"fw-raw-code \">\n<\/div><\/div>\n<\/p><\/div>\n<\/div>\n<div id=\"column-5ebd30506c40d\" class=\"fw-col-sm-6 tf-sh-2d47c9d933cf110494d0d23ae41eed15  fw-animated-element\" data-animation-type=\"fadeInUp\" data-animation-delay=\"1000\">\n<div class=\"fw-wrap-col-inner clearfix  \">\n<div class=\"fw-col-inner\">\n<div class=\"fw-raw-code \">\n<\/div><\/div>\n<\/p><\/div>\n<\/div>\n<\/div>\n<div class=\"fw-row\">\n<div id=\"column-5ebd30506ce4b\" class=\"fw-col-sm-12 tf-sh-578fa91fb849e9776a96eec642c354d3\">\n<div class=\"fw-wrap-col-inner clearfix  \">\n<div class=\"fw-col-inner\">\n<div class=\"fw-divider-space space-md  clearfix\"><\/div>\n<\/p><\/div>\n<\/p><\/div>\n<\/div>\n<\/div>\n<div class=\"fw-row\">\n<div id=\"column-5ebd30506d83b\" class=\"fw-col-sm-12 tf-sh-578fa91fb849e9776a96eec642c354d3\">\n<div class=\"fw-wrap-col-inner clearfix  \">\n<div class=\"fw-col-inner\">\n<div class=\"text-right\">\t<a href=\"https:\/\/leben-fuehren.de\/leaderscommunity\/kiosk-gth98s1m\/\" target=\"_self\" class=\"fw-btn tf-sh-9100dc9d34fa204a960d3feb5b9dad90  fw-btn-md   fw-btn-2\" rel=\"noopener noreferrer\"><br \/>\n\t\t<span><br \/>\n\t\t\t<i class=\"pull-left-icon fa fa-chevron-left\" style=\"font-size:12px\"><\/i>zum KIOSK\t\t<\/span><br \/>\n\t<\/a>\n<\/div>\n<\/p><\/div>\n<\/p><\/div>\n<\/div>\n<\/div><\/div>\n<\/section>\n<section class=\"fw-main-row-custom  fw-section-height-custom  fw-section-position-back tf-sh-496b9fe59fb62fac8a2b25421cebb15b\" style=\"height: 100px\">\n<div class=\"fw-container\">\n\t\t\t<\/div>\n<\/section>\n<p><!-- b4e5dd8b1dee7d1063e07e50ef532229 --><\/p>\n","protected":false},"excerpt":{"rendered":"<p>Video-Events In Corona-Zeiten k\u00f6nnen keine Events stattfinden. Dennoch wollte ich das StarsMeeting, das Treffen der LeadershipStars, nicht ausfallen lassen. In den beiden Videos beschreibe und zeige ich Dir, wie ich die Technik f\u00fcr einen kombinierten Video-Schreibtisch-B\u00fchnen Event aufgebaut habe und wie sich das Setup bew\u00e4hrt hat. &nbsp; Dein OLAF KAPINSKI zum KIOSK<\/p>\n","protected":false},"author":4,"featured_media":2038,"parent":3275,"menu_order":0,"comment_status":"closed","ping_status":"closed","template":"visual-builder-template.php","meta":{"footnotes":""},"class_list":["post-11747","page","type-page","status-publish","has-post-thumbnail","hentry"],"_links":{"self":[{"href":"https:\/\/leben-fuehren.de\/r3\/wp-json\/wp\/v2\/pages\/11747","targetHints":{"allow":["GET"]}}],"collection":[{"href":"https:\/\/leben-fuehren.de\/r3\/wp-json\/wp\/v2\/pages"}],"about":[{"href":"https:\/\/leben-fuehren.de\/r3\/wp-json\/wp\/v2\/types\/page"}],"author":[{"embeddable":true,"href":"https:\/\/leben-fuehren.de\/r3\/wp-json\/wp\/v2\/users\/4"}],"replies":[{"embeddable":true,"href":"https:\/\/leben-fuehren.de\/r3\/wp-json\/wp\/v2\/comments?post=11747"}],"version-history":[{"count":0,"href":"https:\/\/leben-fuehren.de\/r3\/wp-json\/wp\/v2\/pages\/11747\/revisions"}],"up":[{"embeddable":true,"href":"https:\/\/leben-fuehren.de\/r3\/wp-json\/wp\/v2\/pages\/3275"}],"wp:featuredmedia":[{"embeddable":true,"href":"https:\/\/leben-fuehren.de\/r3\/wp-json\/wp\/v2\/media\/2038"}],"wp:attachment":[{"href":"https:\/\/leben-fuehren.de\/r3\/wp-json\/wp\/v2\/media?parent=11747"}],"curies":[{"name":"wp","href":"https:\/\/api.w.org\/{rel}","templated":true}]}}