{"id":15386,"date":"2022-06-23T11:51:06","date_gmt":"2022-06-23T09:51:06","guid":{"rendered":"https:\/\/leben-fuehren.de\/lp\/?page_id=15386"},"modified":"2025-06-28T09:51:35","modified_gmt":"2025-06-28T07:51:35","slug":"application-de","status":"publish","type":"page","link":"https:\/\/leben-fuehren.de\/lp\/application-de\/","title":{"rendered":"Application-DE"},"content":{"rendered":"\t\t<div data-elementor-type=\"wp-page\" data-elementor-id=\"15386\" class=\"elementor elementor-15386\" data-elementor-post-type=\"page\">\n\t\t\t\t\t\t<section class=\"elementor-section elementor-top-section elementor-element elementor-element-6842688 elementor-section-boxed elementor-section-height-default elementor-section-height-default\" data-id=\"6842688\" data-element_type=\"section\" data-e-type=\"section\" data-settings=\"{&quot;background_background&quot;:&quot;classic&quot;}\">\n\t\t\t\t\t\t<div class=\"elementor-container elementor-column-gap-default\">\n\t\t\t\t\t<div class=\"elementor-column elementor-col-100 elementor-top-column elementor-element elementor-element-703f1a3\" data-id=\"703f1a3\" data-element_type=\"column\" data-e-type=\"column\" data-settings=\"{&quot;background_background&quot;:&quot;classic&quot;}\">\n\t\t\t<div class=\"elementor-widget-wrap elementor-element-populated\">\n\t\t\t\t\t\t<div class=\"elementor-element elementor-element-578195d elementor-widget elementor-widget-spacer\" data-id=\"578195d\" data-element_type=\"widget\" data-e-type=\"widget\" data-widget_type=\"spacer.default\">\n\t\t\t\t<div class=\"elementor-widget-container\">\n\t\t\t\t\t\t\t<div class=\"elementor-spacer\">\n\t\t\t<div class=\"elementor-spacer-inner\"><\/div>\n\t\t<\/div>\n\t\t\t\t\t\t<\/div>\n\t\t\t\t<\/div>\n\t\t\t\t<section class=\"elementor-section elementor-inner-section elementor-element elementor-element-ac2b71b elementor-section-boxed elementor-section-height-default elementor-section-height-default\" data-id=\"ac2b71b\" data-element_type=\"section\" data-e-type=\"section\">\n\t\t\t\t\t\t<div class=\"elementor-container elementor-column-gap-default\">\n\t\t\t\t\t<div class=\"elementor-column elementor-col-50 elementor-inner-column elementor-element elementor-element-3c69e33\" data-id=\"3c69e33\" data-element_type=\"column\" data-e-type=\"column\">\n\t\t\t<div class=\"elementor-widget-wrap elementor-element-populated\">\n\t\t\t\t\t\t<div class=\"elementor-element elementor-element-4bbdb65 elementor-widget elementor-widget-text-editor\" data-id=\"4bbdb65\" data-element_type=\"widget\" data-e-type=\"widget\" data-widget_type=\"text-editor.default\">\n\t\t\t\t<div class=\"elementor-widget-container\">\n\t\t\t\t\t\t\t\t\t<h2>Kostenlose Potenzialanalyse<\/h2><p>W\u00e4hlen Sie einen Termin Ihrer Wahl, an dem wir uns unterhalten k\u00f6nnen. Dann k\u00f6nnen wir unverbindlich schauen, wie ich Ihnen am besten helfen kann.<\/p><p><strong>Bitte bereiten Sie diese Fragen vor:<\/strong><\/p><ol><li>Was wollen Sie im kommenden Jahr erreichen? Warum m\u00f6chten Sie teilnehmen?<\/li><li>Wir suchen die am besten geeigneten Personen f\u00fcr die begrenzte Anzahl von Tickets. Warum sollten wir Sie ausw\u00e4hlen?<\/li><\/ol><p>Wenn Sie sich dar\u00fcber im Klaren sind, reservieren Sie uns einfach einen Termin f\u00fcr ein Interview. Stellen Sie sicher, dass Sie 30 Minuten Zeit an einem ungest\u00f6rten Ort haben.<\/p>\t\t\t\t\t\t\t\t<\/div>\n\t\t\t\t<\/div>\n\t\t\t\t\t<\/div>\n\t\t<\/div>\n\t\t\t\t<div class=\"elementor-column elementor-col-50 elementor-inner-column elementor-element elementor-element-a7b69c8\" data-id=\"a7b69c8\" data-element_type=\"column\" data-e-type=\"column\">\n\t\t\t<div class=\"elementor-widget-wrap elementor-element-populated\">\n\t\t\t\t\t\t<div class=\"elementor-element elementor-element-313dbd2 elementor-widget elementor-widget-image\" data-id=\"313dbd2\" data-element_type=\"widget\" data-e-type=\"widget\" data-widget_type=\"image.default\">\n\t\t\t\t<div class=\"elementor-widget-container\">\n\t\t\t\t\t\t\t\t\t\t\t\t\t\t\t<img fetchpriority=\"high\" decoding=\"async\" width=\"502\" height=\"627\" src=\"https:\/\/leben-fuehren.de\/lp\/wp-content\/uploads\/sites\/3\/Olaf_Kapinski_A01.png\" class=\"attachment-large size-large wp-image-6823\" alt=\"\" srcset=\"https:\/\/leben-fuehren.de\/lp\/wp-content\/uploads\/sites\/3\/Olaf_Kapinski_A01.png 502w, https:\/\/leben-fuehren.de\/lp\/wp-content\/uploads\/sites\/3\/Olaf_Kapinski_A01-240x300.png 240w\" sizes=\"(max-width: 502px) 100vw, 502px\" \/>\t\t\t\t\t\t\t\t\t\t\t\t\t\t\t<\/div>\n\t\t\t\t<\/div>\n\t\t\t\t\t<\/div>\n\t\t<\/div>\n\t\t\t\t\t<\/div>\n\t\t<\/section>\n\t\t\t\t<div class=\"elementor-element elementor-element-c06fea8 elementor-widget elementor-widget-html\" data-id=\"c06fea8\" data-element_type=\"widget\" data-e-type=\"widget\" data-widget_type=\"html.default\">\n\t\t\t\t<div class=\"elementor-widget-container\">\n\t\t\t\t\t<script src=\"https:\/\/embed.ycb.me\"\n\tasync=\"true\"\n\tdata-domain=\"lf-analyse\"\n\tdata-displaymode=\"dark\">\n<\/script>\t\t\t\t<\/div>\n\t\t\t\t<\/div>\n\t\t\t\t<div class=\"elementor-element elementor-element-aab0297 elementor-widget elementor-widget-text-editor\" data-id=\"aab0297\" data-element_type=\"widget\" data-e-type=\"widget\" data-widget_type=\"text-editor.default\">\n\t\t\t\t<div class=\"elementor-widget-container\">\n\t\t\t\t\t\t\t\t\t<p style=\"text-align: right;\">lsap-setter.youcanbook.me<\/p>\t\t\t\t\t\t\t\t<\/div>\n\t\t\t\t<\/div>\n\t\t\t\t<div class=\"elementor-element elementor-element-427909e elementor-widget elementor-widget-spacer\" data-id=\"427909e\" data-element_type=\"widget\" data-e-type=\"widget\" data-widget_type=\"spacer.default\">\n\t\t\t\t<div class=\"elementor-widget-container\">\n\t\t\t\t\t\t\t<div class=\"elementor-spacer\">\n\t\t\t<div class=\"elementor-spacer-inner\"><\/div>\n\t\t<\/div>\n\t\t\t\t\t\t<\/div>\n\t\t\t\t<\/div>\n\t\t\t\t\t<\/div>\n\t\t<\/div>\n\t\t\t\t\t<\/div>\n\t\t<\/section>\n\t\t\t\t<\/div>\n\t\t","protected":false},"excerpt":{"rendered":"<p>Kostenlose Potenzialanalyse W\u00e4hlen Sie einen Termin Ihrer Wahl, an dem wir uns unterhalten k\u00f6nnen. Dann k\u00f6nnen wir unverbindlich schauen, wie ich Ihnen am besten helfen kann. Bitte bereiten Sie diese Fragen vor: Was wollen Sie im kommenden Jahr erreichen? Warum m\u00f6chten Sie teilnehmen? Wir suchen die am besten geeigneten Personen f\u00fcr die begrenzte Anzahl von [&hellip;]<\/p>\n","protected":false},"author":4,"featured_media":0,"parent":0,"menu_order":0,"comment_status":"closed","ping_status":"closed","template":"","meta":{"site-sidebar-layout":"no-sidebar","site-content-layout":"page-builder","ast-site-content-layout":"default","site-content-style":"default","site-sidebar-style":"default","ast-global-header-display":"","ast-banner-title-visibility":"","ast-main-header-display":"disabled","ast-hfb-above-header-display":"","ast-hfb-below-header-display":"","ast-hfb-mobile-header-display":"","site-post-title":"disabled","ast-breadcrumbs-content":"","ast-featured-img":"disabled","footer-sml-layout":"","ast-disable-related-posts":"","theme-transparent-header-meta":"default","adv-header-id-meta":"","stick-header-meta":"","header-above-stick-meta":"","header-main-stick-meta":"","header-below-stick-meta":"","astra-migrate-meta-layouts":"default","ast-page-background-enabled":"default","ast-page-background-meta":{"desktop":{"background-color":"","background-image":"","background-repeat":"repeat","background-position":"center center","background-size":"auto","background-attachment":"scroll","background-type":"","background-media":"","overlay-type":"","overlay-color":"","overlay-opacity":"","overlay-gradient":""},"tablet":{"background-color":"","background-image":"","background-repeat":"repeat","background-position":"center center","background-size":"auto","background-attachment":"scroll","background-type":"","background-media":"","overlay-type":"","overlay-color":"","overlay-opacity":"","overlay-gradient":""},"mobile":{"background-color":"","background-image":"","background-repeat":"repeat","background-position":"center center","background-size":"auto","background-attachment":"scroll","background-type":"","background-media":"","overlay-type":"","overlay-color":"","overlay-opacity":"","overlay-gradient":""}},"ast-content-background-meta":{"desktop":{"background-color":"var(--ast-global-color-5)","background-image":"","background-repeat":"repeat","background-position":"center center","background-size":"auto","background-attachment":"scroll","background-type":"","background-media":"","overlay-type":"","overlay-color":"","overlay-opacity":"","overlay-gradient":""},"tablet":{"background-color":"var(--ast-global-color-5)","background-image":"","background-repeat":"repeat","background-position":"center center","background-size":"auto","background-attachment":"scroll","background-type":"","background-media":"","overlay-type":"","overlay-color":"","overlay-opacity":"","overlay-gradient":""},"mobile":{"background-color":"var(--ast-global-color-5)","background-image":"","background-repeat":"repeat","background-position":"center center","background-size":"auto","background-attachment":"scroll","background-type":"","background-media":"","overlay-type":"","overlay-color":"","overlay-opacity":"","overlay-gradient":""}},"footnotes":""},"class_list":["post-15386","page","type-page","status-publish","hentry"],"_links":{"self":[{"href":"https:\/\/leben-fuehren.de\/lp\/wp-json\/wp\/v2\/pages\/15386","targetHints":{"allow":["GET"]}}],"collection":[{"href":"https:\/\/leben-fuehren.de\/lp\/wp-json\/wp\/v2\/pages"}],"about":[{"href":"https:\/\/leben-fuehren.de\/lp\/wp-json\/wp\/v2\/types\/page"}],"author":[{"embeddable":true,"href":"https:\/\/leben-fuehren.de\/lp\/wp-json\/wp\/v2\/users\/4"}],"replies":[{"embeddable":true,"href":"https:\/\/leben-fuehren.de\/lp\/wp-json\/wp\/v2\/comments?post=15386"}],"version-history":[{"count":0,"href":"https:\/\/leben-fuehren.de\/lp\/wp-json\/wp\/v2\/pages\/15386\/revisions"}],"wp:attachment":[{"href":"https:\/\/leben-fuehren.de\/lp\/wp-json\/wp\/v2\/media?parent=15386"}],"curies":[{"name":"wp","href":"https:\/\/api.w.org\/{rel}","templated":true}]}}