{"id":12946,"date":"2021-03-02T12:20:02","date_gmt":"2021-03-02T11:20:02","guid":{"rendered":"https:\/\/leben-fuehren.de\/lp\/?page_id=12946"},"modified":"2021-11-09T10:25:18","modified_gmt":"2021-11-09T09:25:18","slug":"affiliate-programm","status":"publish","type":"page","link":"https:\/\/leben-fuehren.de\/lp\/leadershipstars\/affiliate-programm\/","title":{"rendered":"Copecart Affiliate V.21.06"},"content":{"rendered":"\t\t<div data-elementor-type=\"wp-page\" data-elementor-id=\"12946\" class=\"elementor elementor-12946\" data-elementor-post-type=\"page\">\n\t\t\t\t\t\t<section class=\"elementor-section elementor-top-section elementor-element elementor-element-3ebbe2e elementor-section-stretched elementor-section-height-min-height elementor-section-boxed elementor-section-height-default elementor-section-items-middle\" data-id=\"3ebbe2e\" data-element_type=\"section\" data-e-type=\"section\" data-settings=\"{&quot;stretch_section&quot;:&quot;section-stretched&quot;,&quot;background_background&quot;:&quot;classic&quot;}\">\n\t\t\t\t\t\t\t<div class=\"elementor-background-overlay\"><\/div>\n\t\t\t\t\t\t\t<div class=\"elementor-container elementor-column-gap-default\">\n\t\t\t\t\t<div class=\"elementor-column elementor-col-100 elementor-top-column elementor-element elementor-element-ad37e52\" data-id=\"ad37e52\" data-element_type=\"column\" data-e-type=\"column\">\n\t\t\t<div class=\"elementor-widget-wrap elementor-element-populated\">\n\t\t\t\t\t\t<div class=\"elementor-element elementor-element-4e53698 elementor-widget elementor-widget-heading\" data-id=\"4e53698\" data-element_type=\"widget\" data-e-type=\"widget\" data-widget_type=\"heading.default\">\n\t\t\t\t<div class=\"elementor-widget-container\">\n\t\t\t\t\t<h1 class=\"elementor-heading-title elementor-size-default\">Affiliate bei Olaf Kapinski<\/h1>\t\t\t\t<\/div>\n\t\t\t\t<\/div>\n\t\t\t\t\t<\/div>\n\t\t<\/div>\n\t\t\t\t\t<\/div>\n\t\t<\/section>\n\t\t\t\t<section class=\"elementor-section elementor-top-section elementor-element elementor-element-ba8853a elementor-section-full_width elementor-section-height-default elementor-section-height-default\" data-id=\"ba8853a\" data-element_type=\"section\" data-e-type=\"section\" data-settings=\"{&quot;background_background&quot;:&quot;classic&quot;}\">\n\t\t\t\t\t\t<div class=\"elementor-container elementor-column-gap-default\">\n\t\t\t\t\t<div class=\"elementor-column elementor-col-100 elementor-top-column elementor-element elementor-element-e7a9d3d\" data-id=\"e7a9d3d\" data-element_type=\"column\" data-e-type=\"column\">\n\t\t\t<div class=\"elementor-widget-wrap elementor-element-populated\">\n\t\t\t\t\t\t<div class=\"elementor-element elementor-element-44a07b4 elementor-widget elementor-widget-text-editor\" data-id=\"44a07b4\" data-element_type=\"widget\" data-e-type=\"widget\" data-widget_type=\"text-editor.default\">\n\t\t\t\t<div class=\"elementor-widget-container\">\n\t\t\t\t\t\t\t\t\t<h2>Teilnahmebedingungen<\/h2><p>Du kannst sofort loslegen. <strong>Nicht <\/strong>gestattet sind jedoch:<\/p><ul><li>Brandbidding: Anzeigen auf Keywords mit unseren Marken: Olaf Kapinski \/ LeadershipStars \/ LEBEN-F\u00dcHREN \u2026<\/li><li>Spam jeglicher Art<\/li><li>Fake-Accounts\/ Profile<\/li><\/ul><p>Die Verletzung f\u00fchrt zum dauerhaften Ausschluss vom Programm. Provisionen werden nicht ausgezahlt. Unten findest Du die genauen Bedingungen (Spielregeln).<\/p><h2>Anleitung<\/h2><ol><li>Melde Dich kostenlos als Affiliate bei <a href=\"https:\/\/www.copecart.com\/users\/sign_in\" target=\"_blank\" rel=\"noreferrer noopener\" aria-label=\"CopeCart (opens in a new tab)\">CopeCart<\/a> an.<\/li><li>Ersetze in folgendem Link den Platzhalter \u201ePARTNER-ID\u201c durch Deine CopeCart-ID (Dein Benutzername).<\/li><li><a href=\"https:\/\/youtu.be\/ghybSzz9nbM\" target=\"_blank\" rel=\"noreferrer noopener\" aria-label=\"K\u00fcrze den Link (opens in a new tab)\">K\u00fcrze den Link<\/a> mit einem Tool Deiner Wahl (z.B. <a href=\"https:\/\/t1p.de\/\">T1P.de<\/a> \/ <a href=\"https:\/\/tinyurl.com\/\" target=\"_blank\" rel=\"noreferrer noopener\" aria-label=\"TinyURL (opens in a new tab)\">TinyURL<\/a>).<\/li><li>Poste ihn mit Deiner pers\u00f6nlichen Empfehlung in Deinen Blogs, Newslettern, Foren, Facebook, Shownotes usw.<\/li><\/ol><h2>Dein Affiliatelink<\/h2>\t\t\t\t\t\t\t\t<\/div>\n\t\t\t\t<\/div>\n\t\t\t\t<div class=\"elementor-element elementor-element-41d5264 elementor-widget elementor-widget-text-editor\" data-id=\"41d5264\" data-element_type=\"widget\" data-e-type=\"widget\" data-widget_type=\"text-editor.default\">\n\t\t\t\t<div class=\"elementor-widget-container\">\n\t\t\t\t\t\t\t\t\tAllStars-Membership:\n<p style=\"text-align: center;\">https:\/\/www.copecart.com\/products\/ca30290f\/p\/PARTNER-ID\/<\/p>\nYoungStars-Membership:\n<p style=\"text-align: center;\">https:\/\/www.copecart.com\/products\/2fa9531\/p\/PARTNER-ID\/<\/p>\nIT-Stars-Membership:\n<p style=\"text-align: center;\">https:\/\/www.copecart.com\/products\/c541ba38\/p\/PARTNER-ID\/<\/p>\t\t\t\t\t\t\t\t<\/div>\n\t\t\t\t<\/div>\n\t\t\t\t\t<\/div>\n\t\t<\/div>\n\t\t\t\t\t<\/div>\n\t\t<\/section>\n\t\t\t\t<section class=\"elementor-section elementor-top-section elementor-element elementor-element-2bd3a70 elementor-section-full_width elementor-section-height-default elementor-section-height-default\" data-id=\"2bd3a70\" data-element_type=\"section\" data-e-type=\"section\" data-settings=\"{&quot;background_background&quot;:&quot;classic&quot;}\">\n\t\t\t\t\t\t<div class=\"elementor-container elementor-column-gap-default\">\n\t\t\t\t\t<div class=\"elementor-column elementor-col-100 elementor-top-column elementor-element elementor-element-ab334dc\" data-id=\"ab334dc\" data-element_type=\"column\" data-e-type=\"column\">\n\t\t\t<div class=\"elementor-widget-wrap elementor-element-populated\">\n\t\t\t\t\t\t<div class=\"elementor-element elementor-element-0520ec7 elementor-widget elementor-widget-text-editor\" data-id=\"0520ec7\" data-element_type=\"widget\" data-e-type=\"widget\" data-widget_type=\"text-editor.default\">\n\t\t\t\t<div class=\"elementor-widget-container\">\n\t\t\t\t\t\t\t\t\t<h2>Die Spielregeln<\/h2><p>Wenn Du teilnimmst, stimmst Du diesen Bedingungen zu:<\/p><h3>Das ist erlaubt:<\/h3><ol><li>Nutzung unserer Bilder, Videos und Texte als Teil eigener Anzeigen oder Artikel zur Bewerbung\u00a0<strong>unserer<\/strong>\u00a0Produkte und Seminare.<\/li><li>Facebook-Werbung (Videos, Sponsored Posts, Werbeanzeigen)<\/li><li>Werbung auf Partnernetzwerken (Ligatus, Plista, etc.)<\/li><li>Blogartikel und die Bewerbung (Taboola, Outbrain)<\/li><li>Bewerbung auf Bing, LinkedIn, Xing, &#8230;<\/li><li>E-Mail-Marketing<\/li><li>Empfehlungsmarketing: Offline funktioniert das bestens mit Visitenkarten wo du einen Shortlink (<a href=\"https:\/\/t1p.de\/\" target=\"_blank\" rel=\"noreferrer noopener\">T1P<\/a>,\u00a0<a href=\"https:\/\/bitly.com\/\" target=\"_blank\" rel=\"noreferrer noopener\">bitly.com<\/a>) und einen QR-Code abdruckst<\/li><li>Verlinkung<\/li><li>Eigene Bannerwerbung<\/li><li>NUR\u00a0Google Display Werbung (KEIN SEARCH &amp; DISPLAY)<\/li><li>YouTube Werbung<\/li><li>Kleinanzeigen: Setzte Deinen Affiliate-Link einfach in den Beschreibungstext<\/li><li>Dein eigenes E-Book<\/li><\/ol><h3>Das ist verboten:<\/h3><ol><li><strong>GOOGLE ADWORDS:<\/strong> Die Benutzung von GOOGLE ADWORDS Search und\/oder Search &amp; Display sowie das Schalten von Brand Advertising ist absolut untersagt. Ein Versto\u00df hat einen sofortigen Ausschluss als Folge. Personen, die dagegen versto\u00dfen, k\u00f6nnen somit hohe Kosten tragen, da der Affiliate-Link ins Leere l\u00e4uft. Reine Nutzung des Displaynetzwerks ist hingegen OK.<\/li><li><strong>FACEBOOK FANPAGES MIT UNSEREN PRODUKT- UND MARKENNAMEN:<\/strong> Die Erstellung von Facebook Fan Pages, die etwas mit den Namen unserer Produkte oder \u201eOlaf Kapinski\u201c zu tun haben, ist ebenfalls <strong>untersagt<\/strong>. Ein Versto\u00df hat in diesem Fall nicht nur einen Ausschluss von den Affiliate-Partnerschaften als Folge, sondern auch eine Meldung bei Facebook. Dies kann in Einzelf\u00e4llen den Verlust aller Accounts, Werbekonten, Fanpages etc. als Folge haben. Wenn Du eine Fanpage nutzt, muss f\u00fcr den Betrachter auf <strong>den ersten Blick klar sein, dass es keine Seite von Olaf Kapinski ist<\/strong>, sondern von Dir betrieben wird. Dies sollte bereits aus dem Namen hervorgehen. Bitte achte auch auf Dein Impressum. Frage im Zweifelsfall die Genehmigung bei uns an. Beispiel:<ul><li>Erlaubt: Kevins LeadershipStars Fanseite (mit entsprechender Beschreibung \/ Impressum)<\/li><li>Verboten: LeadershipStars<\/li><\/ul><p>Es macht aber auch wenig Sinn, die Seite mit unseren Markennamen zu versehen. Wer die Marke sucht, kommt direkt zu uns. Leads, die sich f\u00fcr eine Seite mit dem Namen \u201eLeadershipStars\u201c interessieren, haben diese bereits besucht und bekommen bereits von uns direkt ausreichend Werbung. Besser ist das Thema der Seite aufzugreifen. Z.B.: \u201eErfolgreich f\u00fchren\u201c. Hier bekommst du auch frisches Blut mit Potenzial f\u00fcr Verk\u00e4ufe.<\/p><\/li><li><strong>SPAM!<\/strong>\u00a0Kein Versand von Email-Spam oder gespamme in Social Media Netzwerken sowie Internet-Foren und Plattformen.<\/li><li><strong>UNETHISCH!<\/strong>\u00a0Keine Besucher, die von Porno-, rassistischen, menschenrechtsverletzenden oder Filesharing-Seiten stammen.<\/li><li><strong>EIGENK\u00c4UFE!\u00a0<\/strong>Keine K\u00e4ufe \u00fcber den eigenen Partnerlink: Wenn Du das Produkt f\u00fcr Dich bestellst, dann ohne Affiliatelink.<\/li><li><strong>CASHBACK!<\/strong> Keine Weitergabe erhaltener Provisionen an den Kunden bei Kauf \u00fcber den eigenen Link. Du darfst Deine Provision gerne an eine gemeinn\u00fctzige Organisation spenden und auch damit werben. Wir wollen jedoch, dass der Endpreis unserer Produkte gleich bleibt und so ein fairer Wettbewerb stattfindet. Wenn Du eine Art von Gutscheinportal, Mitarbeiterportal oder ein Punktesystem (wie z.B. Payback) betreibst, nimm bitte Kontakt auf, um individuelle L\u00f6sungen zu besprechen.<\/li><li><strong>FALSCHAUSSAGEN!<\/strong>\u00a0Keine falschen Werbeversprechen oder falsche Exklusivit\u00e4t (Beispiel: \u201eDas Produkt gibt es nur bei uns\u201c oder \u201eAbsolute Erfolgsgarantie\u201c).<\/li><li><strong>FAKE-TESTIMONIALS!<\/strong>\u00a0Keine Fake-Testimonials oder unwahren Erfahrungsberichte (Beispiel: Gekaufte Video-Reviews)<\/li><li><strong>FAKE-ACCOUNTS!<\/strong> Hierzu geh\u00f6ren z.B. Fanseiten, die den Eindruck vermitteln, dass sie von Olaf Kapinski betrieben werden, Domainnamen, die unsere Firma, Produktnamen oder Marken enthalten oder \u00c4hnliches.<\/li><li><strong>NUTZUNG UNSERER MARKEN UND MEDIEN ZUR BEWERBUNG FREMDER PRODUKTE:<\/strong> Nat\u00fcrlich kannst Du auch andere Partner bewerben. Aber bitte nicht im Zusammenhang mit unseren Marken oder Bildern!<\/li><li><strong>FR\u00dcHSTART!<\/strong>\u00a0F\u00fcr Launches gibt es fest definierte Startzeiten, zu denen mit der Werbung begonnen werden darf. Wer unfair spielt und vorweg startet, wird f\u00fcr diesen Launch gesperrt.<\/li><\/ol><p>Durch eine Verletzung dieser Regeln wirst Du innerhalb von wenigen Stunden von uns und unseren Zahlungsdienstleistern CopeCart &amp; Digistore24 von allen unseren Affiliate-Partnerschaften auf lebenslange Zeit gesperrt. Wenn Du Dir also nicht sicher bist, schick uns einfach eine <a href=\"mailto:olaf@leben-fuehren.de\">Mail<\/a>\u00a0mit Deinem Vorhaben oder ruf mich einfach an!<\/p><h2>Das Kleingedruckte<\/h2><ol><li>Freiberufliche T\u00e4tigkeit: Du versicherst, dass Du als eigenst\u00e4ndiger Unternehmer t\u00e4tig bist. Die Erbringung von den genannten Leistungen erfolgt im eigenen Namen und auf eigene Rechnung.<\/li><li>Dem Provisionsgeber\u00a0steht es frei seinen Kunden Rabatte zu gew\u00e4hren, um die Auftragschancen zu vergr\u00f6\u00dfern. Ein Rabattangebot seitens des Vertriebspartners ist nach vorheriger Absprache zul\u00e4ssig. Hierzu werden in der Regel spezielle \u201eWerbecodes\u201c zur Verf\u00fcgung gestellt. Werden Rabatte gew\u00e4hrt, reduziert sich die Provision anteilig.<\/li><li>Du verpflichtest Dich, \u00fcber alle Angelegenheiten und Vorg\u00e4nge des Unternehmens Kapinski und seiner Kunden auch nach Vertragsende Stillschweigen zu bewahren. Alle zur Verf\u00fcgung gestellten Unterlagen wie Briefe und Entw\u00fcrfe, sonstige Gesch\u00e4ftsst\u00fccke, Zeichnungen und Notizen, B\u00fccher, Muster, Dateien und Videoaufnahmen usw. verbleiben im alleinigen Eigentum von Olaf Kapinski.<\/li><li>Geistiges Eigentum: Zur Verf\u00fcgung gestellte Flyer, B\u00fccher und DVDs sind nur f\u00fcr Werbezwecke zu nutzen\/ weiterzureichen. Es ist Dir ausdr\u00fccklich untersagt, Medien-, Seminar- oder Vortragsinhalte von Olaf Kapinski ganz oder auszugsweise f\u00fcr eigene Veranstaltungen oder eigene Publikationen zu verwenden oder an Dritte weiterzugeben.<\/li><li>Mit der Teilnahme am Partnerprogramm erkl\u00e4rst Du Dich einverstanden, dass wir Deinen Namen im Rahmen von Gewinnspielen ver\u00f6ffentlichen.<\/li><li>Beendigung: Die Partnerschaft\u00a0kann von beiden Seiten ohne Angabe von Gr\u00fcnden jederzeit aufgehoben werden. Provisionen aus bereits vermittelten und bezahlten Abschl\u00fcssen, werden wie oben\u00a0beschrieben ausgezahlt.<\/li><li>Alle Anspr\u00fcche sind innerhalb von zwei Monaten nach F\u00e4lligkeit, sp\u00e4testens jedoch innerhalb von zwei Wochen nach K\u00fcndigung\/ Beendigung des Vertrags in Textform geltend zu machen.\u00a0Lehnt die Gegenseite den Anspruch ab, oder erkl\u00e4rt sie sich nicht oder nicht eindeutig innerhalb eines Monats nach der Geltendmachung des Anspruchs, so verf\u00e4llt dieser, wenn er nicht innerhalb von einem Monat nach der Ablehnung oder dem Fristablauf gerichtlich geltend gemacht wird.\u00a0Die Ausschlussfristen gelten nicht bei Haftung wegen Vorsatzes.<\/li><\/ol>\t\t\t\t\t\t\t\t<\/div>\n\t\t\t\t<\/div>\n\t\t\t\t<div class=\"elementor-element elementor-element-07219b3 elementor-widget elementor-widget-text-editor\" data-id=\"07219b3\" data-element_type=\"widget\" data-e-type=\"widget\" data-widget_type=\"text-editor.default\">\n\t\t\t\t<div class=\"elementor-widget-container\">\n\t\t\t\t\t\t\t\t\t<p style=\"text-align: right;\">V.21.11<\/p>\t\t\t\t\t\t\t\t<\/div>\n\t\t\t\t<\/div>\n\t\t\t\t\t<\/div>\n\t\t<\/div>\n\t\t\t\t\t<\/div>\n\t\t<\/section>\n\t\t\t\t<\/div>\n\t\t","protected":false},"excerpt":{"rendered":"<p>Affiliate bei Olaf Kapinski Teilnahmebedingungen Du kannst sofort loslegen. Nicht gestattet sind jedoch: Brandbidding: Anzeigen auf Keywords mit unseren Marken: Olaf Kapinski \/ LeadershipStars \/ LEBEN-F\u00dcHREN \u2026 Spam jeglicher Art Fake-Accounts\/ Profile Die Verletzung f\u00fchrt zum dauerhaften Ausschluss vom Programm. Provisionen werden nicht ausgezahlt. Unten findest Du die genauen Bedingungen (Spielregeln). Anleitung Melde Dich kostenlos [&hellip;]<\/p>\n","protected":false},"author":4,"featured_media":0,"parent":12266,"menu_order":0,"comment_status":"closed","ping_status":"closed","template":"","meta":{"site-sidebar-layout":"default","site-content-layout":"default","ast-site-content-layout":"default","site-content-style":"default","site-sidebar-style":"default","ast-global-header-display":"","ast-banner-title-visibility":"","ast-main-header-display":"","ast-hfb-above-header-display":"","ast-hfb-below-header-display":"","ast-hfb-mobile-header-display":"","site-post-title":"disabled","ast-breadcrumbs-content":"","ast-featured-img":"","footer-sml-layout":"","ast-disable-related-posts":"","theme-transparent-header-meta":"default","adv-header-id-meta":"","stick-header-meta":"","header-above-stick-meta":"","header-main-stick-meta":"","header-below-stick-meta":"","astra-migrate-meta-layouts":"default","ast-page-background-enabled":"default","ast-page-background-meta":{"desktop":{"background-color":"","background-image":"","background-repeat":"repeat","background-position":"center center","background-size":"auto","background-attachment":"scroll","background-type":"","background-media":"","overlay-type":"","overlay-color":"","overlay-opacity":"","overlay-gradient":""},"tablet":{"background-color":"","background-image":"","background-repeat":"repeat","background-position":"center center","background-size":"auto","background-attachment":"scroll","background-type":"","background-media":"","overlay-type":"","overlay-color":"","overlay-opacity":"","overlay-gradient":""},"mobile":{"background-color":"","background-image":"","background-repeat":"repeat","background-position":"center center","background-size":"auto","background-attachment":"scroll","background-type":"","background-media":"","overlay-type":"","overlay-color":"","overlay-opacity":"","overlay-gradient":""}},"ast-content-background-meta":{"desktop":{"background-color":"var(--ast-global-color-5)","background-image":"","background-repeat":"repeat","background-position":"center center","background-size":"auto","background-attachment":"scroll","background-type":"","background-media":"","overlay-type":"","overlay-color":"","overlay-opacity":"","overlay-gradient":""},"tablet":{"background-color":"var(--ast-global-color-5)","background-image":"","background-repeat":"repeat","background-position":"center center","background-size":"auto","background-attachment":"scroll","background-type":"","background-media":"","overlay-type":"","overlay-color":"","overlay-opacity":"","overlay-gradient":""},"mobile":{"background-color":"var(--ast-global-color-5)","background-image":"","background-repeat":"repeat","background-position":"center center","background-size":"auto","background-attachment":"scroll","background-type":"","background-media":"","overlay-type":"","overlay-color":"","overlay-opacity":"","overlay-gradient":""}},"footnotes":""},"class_list":["post-12946","page","type-page","status-publish","hentry"],"_links":{"self":[{"href":"https:\/\/leben-fuehren.de\/lp\/wp-json\/wp\/v2\/pages\/12946","targetHints":{"allow":["GET"]}}],"collection":[{"href":"https:\/\/leben-fuehren.de\/lp\/wp-json\/wp\/v2\/pages"}],"about":[{"href":"https:\/\/leben-fuehren.de\/lp\/wp-json\/wp\/v2\/types\/page"}],"author":[{"embeddable":true,"href":"https:\/\/leben-fuehren.de\/lp\/wp-json\/wp\/v2\/users\/4"}],"replies":[{"embeddable":true,"href":"https:\/\/leben-fuehren.de\/lp\/wp-json\/wp\/v2\/comments?post=12946"}],"version-history":[{"count":0,"href":"https:\/\/leben-fuehren.de\/lp\/wp-json\/wp\/v2\/pages\/12946\/revisions"}],"up":[{"embeddable":true,"href":"https:\/\/leben-fuehren.de\/lp\/wp-json\/wp\/v2\/pages\/12266"}],"wp:attachment":[{"href":"https:\/\/leben-fuehren.de\/lp\/wp-json\/wp\/v2\/media?parent=12946"}],"curies":[{"name":"wp","href":"https:\/\/api.w.org\/{rel}","templated":true}]}}